{"id":1456,"date":"2023-02-07T14:29:44","date_gmt":"2023-02-07T14:29:44","guid":{"rendered":"https:\/\/janssencosmetics.lt\/?post_type=product&#038;p=1456"},"modified":"2025-10-29T15:23:10","modified_gmt":"2025-10-29T15:23:10","slug":"apsauginis-purskiamas-kremas-su-spf-30","status":"publish","type":"product","link":"https:\/\/janssencosmetics.lt\/en\/produktas\/apsauginis-purskiamas-kremas-su-spf-30\/","title":{"rendered":"Apsaugin\u0117 k\u016bno dulksna nuo saul\u0117s SPF 30, 150ml"},"content":{"rendered":"<p>Profesionali formul\u0117. Dr\u0117kina ir mink\u0161tina od\u0105. Skaidrus \u2013 netepa drabu\u017ei\u0173, nepalieka lipnumo ir riebumo. Idealiai tinka vis\u0173 fototip\u0173 odai.Tinka vis\u0173 tip\u0173 odai ir efektyviai saugo nuo saul\u0117s \u012ftakojamo, fotosen\u0117jimo.<br \/>\n<strong>Veiklieji komponentai:<\/strong>Diethylamino Hydroxybenzoyl Hexyl Benzoate, Ethylhexyl Methoxycinnamate,Diethylamino Hydroxybenzoyl Hexyl Benzoate,Oktokrilenas,Dikaprililo karbonatas, C12-15 Alkyl Benzoate,C12-13 Alkyl Lactate.<br \/>\n<strong>Naudojimas:<\/strong>Gausiai purk\u0161kite k\u016bn\u0105 20 cm atstumu nuo odos (per ma\u017eas priemon\u0117s kiekis ma\u017eina apsaug\u0105) prie\u0161 eidami \u012f saul\u0119. Naudojim\u0105 kartokite da\u017enai, ypa\u010d po maudyni\u0173, sporto ar esant trin\u010diai. Gali b\u016bti naudojamas ant dr\u0117gnos odos. Saugokite aki\u0173 ir l\u016bp\u0173 zon\u0105.<\/p>\n","protected":false},"excerpt":{"rendered":"<p>Apsaugo odos l\u0105steles DNR ir RNR ne tik nuo UVA ir UVB spinduli\u0173, bet ir nuo infraraudon\u0173j\u0173 spinduli\u0173.<\/p>\n","protected":false},"featured_media":1459,"template":"","meta":[],"product_cat":[62,25,40],"product_tag":[],"_links":{"self":[{"href":"https:\/\/janssencosmetics.lt\/en\/wp-json\/wp\/v2\/product\/1456"}],"collection":[{"href":"https:\/\/janssencosmetics.lt\/en\/wp-json\/wp\/v2\/product"}],"about":[{"href":"https:\/\/janssencosmetics.lt\/en\/wp-json\/wp\/v2\/types\/product"}],"wp:featuredmedia":[{"embeddable":true,"href":"https:\/\/janssencosmetics.lt\/en\/wp-json\/wp\/v2\/media\/1459"}],"wp:attachment":[{"href":"https:\/\/janssencosmetics.lt\/en\/wp-json\/wp\/v2\/media?parent=1456"}],"wp:term":[{"taxonomy":"product_cat","embeddable":true,"href":"https:\/\/janssencosmetics.lt\/en\/wp-json\/wp\/v2\/product_cat?post=1456"},{"taxonomy":"product_tag","embeddable":true,"href":"https:\/\/janssencosmetics.lt\/en\/wp-json\/wp\/v2\/product_tag?post=1456"}],"curies":[{"name":"wp","href":"https:\/\/api.w.org\/{rel}","templated":true}]}}