{"id":1437,"date":"2023-02-02T11:26:19","date_gmt":"2023-02-02T11:26:19","guid":{"rendered":"https:\/\/janssencosmetics.lt\/?post_type=product&#038;p=1437"},"modified":"2024-01-30T15:01:41","modified_gmt":"2024-01-30T15:01:41","slug":"rinkinys-lupu-kauke-veido-kauke-ranku-kauke","status":"publish","type":"product","link":"https:\/\/janssencosmetics.lt\/en\/produktas\/rinkinys-lupu-kauke-veido-kauke-ranku-kauke\/","title":{"rendered":"Rinkinys (L\u016bp\u0173 Kauk\u0117 + Veido kauk\u0117 + Rank\u0173 Kauk\u0117), 15ml+20ml+75m"},"content":{"rendered":"<p>Riboto leidimo rinkin\u012f sudaro:<br \/>\nJANSSEN Goodnight Hand Mask &#8211; Naktin\u0117 atstatomoji rank\u0173 kauk\u0117, 50 ml<br \/>\nJANSSEN Goodnight Lip Mask &#8211; Naktin\u0117 l\u016bp\u0173 kauk\u0117, 15 ml<br \/>\nJANSSEN Beauty Sleep Mask &#8211; Naktin\u0117 veido kauk\u0117, 20 ml<\/p>\n","protected":false},"excerpt":{"rendered":"<p>Kompleksin\u0117 prie\u017ei\u016bra nak\u010diai.<\/p>\n","protected":false},"featured_media":1438,"template":"","meta":[],"product_cat":[34,41,25,98,64,35],"product_tag":[],"_links":{"self":[{"href":"https:\/\/janssencosmetics.lt\/en\/wp-json\/wp\/v2\/product\/1437"}],"collection":[{"href":"https:\/\/janssencosmetics.lt\/en\/wp-json\/wp\/v2\/product"}],"about":[{"href":"https:\/\/janssencosmetics.lt\/en\/wp-json\/wp\/v2\/types\/product"}],"wp:featuredmedia":[{"embeddable":true,"href":"https:\/\/janssencosmetics.lt\/en\/wp-json\/wp\/v2\/media\/1438"}],"wp:attachment":[{"href":"https:\/\/janssencosmetics.lt\/en\/wp-json\/wp\/v2\/media?parent=1437"}],"wp:term":[{"taxonomy":"product_cat","embeddable":true,"href":"https:\/\/janssencosmetics.lt\/en\/wp-json\/wp\/v2\/product_cat?post=1437"},{"taxonomy":"product_tag","embeddable":true,"href":"https:\/\/janssencosmetics.lt\/en\/wp-json\/wp\/v2\/product_tag?post=1437"}],"curies":[{"name":"wp","href":"https:\/\/api.w.org\/{rel}","templated":true}]}}