{"id":1434,"date":"2023-02-02T10:40:56","date_gmt":"2023-02-02T10:40:56","guid":{"rendered":"https:\/\/janssencosmetics.lt\/?post_type=product&#038;p=1434"},"modified":"2024-05-02T07:02:14","modified_gmt":"2024-05-02T07:02:14","slug":"intensyviai-drekinanti-ranku-kauke-nakciai","status":"publish","type":"product","link":"https:\/\/janssencosmetics.lt\/en\/produktas\/intensyviai-drekinanti-ranku-kauke-nakciai\/","title":{"rendered":"Intensyviai dr\u0117kinanti rank\u0173 kauk\u0117 nak\u010diai, 75ml"},"content":{"rendered":"<p>Goodnight rank\u0173 kauk\u0117 su biotinu, bisabololiu ir NMF komponentu gali b\u016bti naudojama kaip kasdien\u0117 SOS priemon\u0117 sausai ir suskeld\u0117jusiai odai,pa\u0161alina lupim\u0105si ir nie\u017e\u0117jim\u0105. Be to, formul\u0117je esantis biotinas stiprina nago strukt\u016br\u0105 ir padidina jo atsparum\u0105. Sausi, l\u016b\u017ein\u0117jantys nagai v\u0117l tampa kieti,elastingi ir \u017evilgantys.<br \/>\n<strong>Veiklieji komponentai:<\/strong>Biotinas,Karbamidas, Bisabololis,Glicerinas.<br \/>\n<strong>Naudojimas:<\/strong> vakare tepkite \u0161varias rankas, taip pat galite u\u017esimauti medvilnines pir\u0161tines ir palikti per nakt\u012f. Naudoti 1-2 kartus per savait\u0119,arba kasdien jei yra b\u016btinyb\u0117.<\/p>\n","protected":false},"excerpt":{"rendered":"<p>Goodnight rank\u0173 kauk\u0117 dr\u0117kina, maitina ir regeneruoja od\u0105.<\/p>\n","protected":false},"featured_media":1435,"template":"","meta":[],"product_cat":[34,25,64,35],"product_tag":[],"_links":{"self":[{"href":"https:\/\/janssencosmetics.lt\/en\/wp-json\/wp\/v2\/product\/1434"}],"collection":[{"href":"https:\/\/janssencosmetics.lt\/en\/wp-json\/wp\/v2\/product"}],"about":[{"href":"https:\/\/janssencosmetics.lt\/en\/wp-json\/wp\/v2\/types\/product"}],"wp:featuredmedia":[{"embeddable":true,"href":"https:\/\/janssencosmetics.lt\/en\/wp-json\/wp\/v2\/media\/1435"}],"wp:attachment":[{"href":"https:\/\/janssencosmetics.lt\/en\/wp-json\/wp\/v2\/media?parent=1434"}],"wp:term":[{"taxonomy":"product_cat","embeddable":true,"href":"https:\/\/janssencosmetics.lt\/en\/wp-json\/wp\/v2\/product_cat?post=1434"},{"taxonomy":"product_tag","embeddable":true,"href":"https:\/\/janssencosmetics.lt\/en\/wp-json\/wp\/v2\/product_tag?post=1434"}],"curies":[{"name":"wp","href":"https:\/\/api.w.org\/{rel}","templated":true}]}}