{"id":1386,"date":"2023-02-01T11:26:54","date_gmt":"2023-02-01T11:26:54","guid":{"rendered":"https:\/\/janssencosmetics.lt\/?post_type=product&#038;p=1386"},"modified":"2026-04-07T13:15:16","modified_gmt":"2026-04-07T13:15:16","slug":"giliai-veikiantis-serumas-jaunystes-issaugojimu","status":"publish","type":"product","link":"https:\/\/janssencosmetics.lt\/en\/produktas\/giliai-veikiantis-serumas-jaunystes-issaugojimu\/","title":{"rendered":"Giliai veikiantis serumas jaunyst\u0117s i\u0161saugojimui, 10ml"},"content":{"rendered":"<p>Epigenetic serume yra sen\u0117jim\u0105 stabdantis ingredientas &#8211; epigenetinis moduliatorius * Epigenomyl\u00ae medetk\u0173 \u017eied\u0173 Ekstraktas kuris sustabdo kolageno, elastino ir fibrilino skilimo proces\u0105, palengvindamas aktyvi\u0173 komponent\u0173\u00a0(oligosacharid\u0173) prisijungim\u0105 prie mikroRNR. Serumas atkuria odos strukt\u016br\u0105, padidina jo stangrum\u0105 ir elastingum\u0105, pagreitina regeneracijos proces\u0105, prailgina l\u0105steli\u0173 gyvavimo cikl\u0105,suma\u017eina polink\u012f \u012f u\u017edegim\u0105, giliai dr\u0117kina, lygina rauk\u0161les. Lengvos,\u0161velnios tekst\u016bros serumas, tinka visiems odos tipams.<br \/>\n<strong>Veiklieji komponentai:<\/strong> Epigenetinis agentas, Ilgos grandin\u0117s hialurono r\u016bg\u0161tis,,Trumpos grandin\u0117s hialurono r\u016bg\u0161tis, Invertuotas cukrus.<strong><br \/>\nNaudojimas:<\/strong> Ryte ir vakare lengvais masa\u017eo judesiais tepkite veido, kaklo ir dekolt\u0117 od\u0105.Tada naudokite dienin\u012f \u00a0arba naktin\u012f krem\u0105 kaip \u012fprasta.<\/p>\n","protected":false},"excerpt":{"rendered":"<p>Serumas giliai dr\u0117kina, lygina rauk\u0161les, padidina odos stangrum\u0105 ir elastingum\u0105.<\/p>\n","protected":false},"featured_media":1387,"template":"","meta":[],"product_cat":[117,35],"product_tag":[],"_links":{"self":[{"href":"https:\/\/janssencosmetics.lt\/en\/wp-json\/wp\/v2\/product\/1386"}],"collection":[{"href":"https:\/\/janssencosmetics.lt\/en\/wp-json\/wp\/v2\/product"}],"about":[{"href":"https:\/\/janssencosmetics.lt\/en\/wp-json\/wp\/v2\/types\/product"}],"wp:featuredmedia":[{"embeddable":true,"href":"https:\/\/janssencosmetics.lt\/en\/wp-json\/wp\/v2\/media\/1387"}],"wp:attachment":[{"href":"https:\/\/janssencosmetics.lt\/en\/wp-json\/wp\/v2\/media?parent=1386"}],"wp:term":[{"taxonomy":"product_cat","embeddable":true,"href":"https:\/\/janssencosmetics.lt\/en\/wp-json\/wp\/v2\/product_cat?post=1386"},{"taxonomy":"product_tag","embeddable":true,"href":"https:\/\/janssencosmetics.lt\/en\/wp-json\/wp\/v2\/product_tag?post=1386"}],"curies":[{"name":"wp","href":"https:\/\/api.w.org\/{rel}","templated":true}]}}