{"id":1364,"date":"2023-01-31T13:58:28","date_gmt":"2023-01-31T13:58:28","guid":{"rendered":"https:\/\/janssencosmetics.lt\/?post_type=product&#038;p=1364"},"modified":"2026-01-19T14:38:37","modified_gmt":"2026-01-19T14:38:37","slug":"vesinantis-paakiu-serumas-su-saltu-rutuliniu-aplikatoriumi","status":"publish","type":"product","link":"https:\/\/janssencosmetics.lt\/en\/produktas\/vesinantis-paakiu-serumas-su-saltu-rutuliniu-aplikatoriumi\/","title":{"rendered":"V\u0117sinantis paaki\u0173 serumas su \u0161altu rutuliniu aplikatoriumi, 15ml  -20%"},"content":{"rendered":"<p>\u0160ilkin\u0117s tekst\u016bros eliksyr\u0105 lengva u\u017etepti d\u0117l prakti\u0161ko volelio aplikatoriaus. V\u0117sinamasis volelis \u0161velniai masa\u017euoja od\u0105 aplink akis, stimuliuodamas mikrocirkuliacij\u0105 ir ma\u017eindamas paburkim\u0105, taip pat gaivina ir intensyviai dr\u0117kina od\u0105. Suteikia odai aplink akis spindesio. Idealiai tinka pasiimti su savimi \u012f keli\u0105 arba keliaujant. Ma\u017eo riebumo produktas.<br \/>\n<strong>Veiklieji komponentai:<\/strong> Ilgos grandin\u0117s hialurono r\u016bg\u0161tis, Matrixyl\u2122 3000az. Akacijos \u0161ilko ekstraktas, Kofeinas, Glicerolis.<br \/>\n<strong>Naudojimas<\/strong><strong>:<\/strong> 2-3 kartus perkelkite volel\u012f aplikatori\u0173 nuo vidinio akies kampo iki i\u0161orinio kampo, \u0161velniai spausdami. Patarimas: laikykite gamin\u012f \u0161aldytuve,kad sustiprintum\u0117te v\u0117sinam\u0105j\u012f poveik\u012f.<\/p>\n","protected":false},"excerpt":{"rendered":"<p>Vesinantis, momentinio poveikio paaki\u0173 serumas.<\/p>\n","protected":false},"featured_media":1373,"template":"","meta":[],"product_cat":[34,117,22,35],"product_tag":[],"_links":{"self":[{"href":"https:\/\/janssencosmetics.lt\/en\/wp-json\/wp\/v2\/product\/1364"}],"collection":[{"href":"https:\/\/janssencosmetics.lt\/en\/wp-json\/wp\/v2\/product"}],"about":[{"href":"https:\/\/janssencosmetics.lt\/en\/wp-json\/wp\/v2\/types\/product"}],"wp:featuredmedia":[{"embeddable":true,"href":"https:\/\/janssencosmetics.lt\/en\/wp-json\/wp\/v2\/media\/1373"}],"wp:attachment":[{"href":"https:\/\/janssencosmetics.lt\/en\/wp-json\/wp\/v2\/media?parent=1364"}],"wp:term":[{"taxonomy":"product_cat","embeddable":true,"href":"https:\/\/janssencosmetics.lt\/en\/wp-json\/wp\/v2\/product_cat?post=1364"},{"taxonomy":"product_tag","embeddable":true,"href":"https:\/\/janssencosmetics.lt\/en\/wp-json\/wp\/v2\/product_tag?post=1364"}],"curies":[{"name":"wp","href":"https:\/\/api.w.org\/{rel}","templated":true}]}}