{"id":1359,"date":"2023-01-31T13:49:41","date_gmt":"2023-01-31T13:49:41","guid":{"rendered":"https:\/\/janssencosmetics.lt\/?post_type=product&#038;p=1359"},"modified":"2025-11-25T14:50:59","modified_gmt":"2025-11-25T14:50:59","slug":"kremas-su-probiotikaisstiprina-odos-mikrobioma","status":"publish","type":"product","link":"https:\/\/janssencosmetics.lt\/en\/produktas\/kremas-su-probiotikaisstiprina-odos-mikrobioma\/","title":{"rendered":"Kremas su probiotikais,stiprina odos mikrobiom\u0105, 50ml"},"content":{"rendered":"<p>Kremas greitai normalizuoja sudirgusios, jautrios odos b\u016bkl\u0119 \u2013 dr\u0117kina, ramina, maitina ir mink\u0161tina. Suma\u017eina rauk\u0161li\u0173 atsiradim\u0105 ir apsaugo od\u0105 nuo skaitmeninio sen\u0117jimo. Be to, kremo formul\u0117 papildyta naujovi\u0161komis veikliosiomis med\u017eiagomis, kurios apsaugo nuo odos pa\u017eeidim\u0173, kuriuos sukelia aplinkos tar\u0161a ir didel\u0117s energijos HEV spinduliuot\u0117. Pagrindinis kremo ingredientas yra probiotikas, kuris, kaip \u012frodyta, atkuria odos mikrobiom\u0105, stiprina epidermio barjer\u0105 ir pagerina odos atsparum\u0105 i\u0161oriniams veiksniams. PROBIOTICS Anti-Pollution Cream tinka vis\u0173 tip\u0173 odai. Reguliariai naudojant, oda tampa lygesn\u0117, stangresn\u0117, nepriekai\u0161tingai lygi ir \u012fgauna sveik\u0105 \u0161vyt\u0117jim\u0105. Subtili patogi tekst\u016bra ir malonus aromatas Sud\u0117tyje n\u0117ra paraben\u0173.<br \/>\n<strong>Veiklieji komponentai:<\/strong> Probiotikas (Lactobacillus fermentas), Mikrodumbli\u0173 ekstraktas, Raudonosios kamelijos ekstraktas (Camellia japonica,) Didel\u0117s ir ma\u017eos molekulin\u0117s mas\u0117s hialurono r\u016bg\u0161tis, Sacharido izomeratas, Vitaminas E, Taukmed\u017eio sviestas.<br \/>\n<strong>Naudojimas:<\/strong> Kasdien, ryte ir\/ar vakare veid\u0105, kakl\u0105 ir dekolt\u0117 srit\u012f tepkite kremu PROBIOTICS Anti-Pollution. Nor\u0117dami gauti geriausius rezultatus, pirmiausia u\u017etepkite Pro-Immune serum\u0105, o tada krem\u0105.<\/p>\n","protected":false},"excerpt":{"rendered":"<p>Apsauginis sen\u0117jim\u0105 stabdantis 24 valand\u0173 veikimo kremas skirtas nuolatinei, kasdien patiriamos aplinkos streso odos, prie\u017ei\u016brai.<\/p>\n","protected":false},"featured_media":1362,"template":"","meta":[],"product_cat":[98,35,24],"product_tag":[],"_links":{"self":[{"href":"https:\/\/janssencosmetics.lt\/en\/wp-json\/wp\/v2\/product\/1359"}],"collection":[{"href":"https:\/\/janssencosmetics.lt\/en\/wp-json\/wp\/v2\/product"}],"about":[{"href":"https:\/\/janssencosmetics.lt\/en\/wp-json\/wp\/v2\/types\/product"}],"wp:featuredmedia":[{"embeddable":true,"href":"https:\/\/janssencosmetics.lt\/en\/wp-json\/wp\/v2\/media\/1362"}],"wp:attachment":[{"href":"https:\/\/janssencosmetics.lt\/en\/wp-json\/wp\/v2\/media?parent=1359"}],"wp:term":[{"taxonomy":"product_cat","embeddable":true,"href":"https:\/\/janssencosmetics.lt\/en\/wp-json\/wp\/v2\/product_cat?post=1359"},{"taxonomy":"product_tag","embeddable":true,"href":"https:\/\/janssencosmetics.lt\/en\/wp-json\/wp\/v2\/product_tag?post=1359"}],"curies":[{"name":"wp","href":"https:\/\/api.w.org\/{rel}","templated":true}]}}