{"id":1356,"date":"2023-01-31T12:09:08","date_gmt":"2023-01-31T12:09:08","guid":{"rendered":"https:\/\/janssencosmetics.lt\/?post_type=product&#038;p=1356"},"modified":"2026-03-19T10:37:48","modified_gmt":"2026-03-19T10:37:48","slug":"jauninantis-serumas-2","status":"publish","type":"product","link":"https:\/\/janssencosmetics.lt\/en\/produktas\/jauninantis-serumas-2\/","title":{"rendered":"Jauninantis serumas, 30ml"},"content":{"rendered":"<p>Magic Glow serumas skatina l\u0105steli\u0173 atsinaujinim\u0105 ir sukuria vienalyt\u0119 vir\u0161utinio epidermio sluoksnio strukt\u016br\u0105, b\u016btin\u0105 jaunai odai, sutraukia poras ir suteikia nat\u016bral\u0173 \u0161vyt\u0117jim\u0105. Vos pastebimas perlamutrinis blizgesys sukuria \u0161lapio \u0161vyt\u0117jimo efekt\u0105. Su kiekvienu panaudojimu oda atrodo geriau \u2013 nepriekai\u0161tingai lygi, puikiai dr\u0117kinama, pails\u0117jusi, pri\u017ei\u016br\u0117ta. Serumas puikiai tinka bet kokiai profesionaliai proced\u016brai.<br \/>\n<strong>Veiklieji komponentai:<\/strong> Indijos vandenyno dumbli\u0173 ekstraktas, Vienodo rafinavimo kompleksas, Didel\u0117s ir ma\u017eos molekulin\u0117s mas\u0117s hialurono r\u016bg\u0161tis, Sacharido izomeratas, Kofeinas, Chondrus Crispus, Niacinamidas (B3)Pigment\u0173 derinys Soft Focus.<br \/>\n<strong>Naudojimas: <\/strong>Salone: \u200b\u200bkaip finalin\u0117 priemon\u0117 atliekant bet koki\u0105 proced\u016br\u0105. Namuose: tepkite serum\u0105 ryte po valymo ir tonizavimo, Nor\u0117dami ry\u0161kesnio spindesio, pirmiausia patepkite kremu, o ant vir\u0161aus &#8211; Magic Glow Serum.<\/p>\n","protected":false},"excerpt":{"rendered":"<p>Dr\u0117kinamasis sen\u0117jim\u0105 stabdantis serumas Magic Glow, akimirksniu suteikia veido odai spindes\u012f ir atgaivina spalv\u0105.<\/p>\n","protected":false},"featured_media":1357,"template":"","meta":[],"product_cat":[117,22,35],"product_tag":[],"_links":{"self":[{"href":"https:\/\/janssencosmetics.lt\/en\/wp-json\/wp\/v2\/product\/1356"}],"collection":[{"href":"https:\/\/janssencosmetics.lt\/en\/wp-json\/wp\/v2\/product"}],"about":[{"href":"https:\/\/janssencosmetics.lt\/en\/wp-json\/wp\/v2\/types\/product"}],"wp:featuredmedia":[{"embeddable":true,"href":"https:\/\/janssencosmetics.lt\/en\/wp-json\/wp\/v2\/media\/1357"}],"wp:attachment":[{"href":"https:\/\/janssencosmetics.lt\/en\/wp-json\/wp\/v2\/media?parent=1356"}],"wp:term":[{"taxonomy":"product_cat","embeddable":true,"href":"https:\/\/janssencosmetics.lt\/en\/wp-json\/wp\/v2\/product_cat?post=1356"},{"taxonomy":"product_tag","embeddable":true,"href":"https:\/\/janssencosmetics.lt\/en\/wp-json\/wp\/v2\/product_tag?post=1356"}],"curies":[{"name":"wp","href":"https:\/\/api.w.org\/{rel}","templated":true}]}}