{"id":1347,"date":"2023-01-31T11:22:35","date_gmt":"2023-01-31T11:22:35","guid":{"rendered":"https:\/\/janssencosmetics.lt\/?post_type=product&#038;p=1347"},"modified":"2026-01-27T07:58:09","modified_gmt":"2026-01-27T07:58:09","slug":"24-val-liftingojantis-kremas","status":"publish","type":"product","link":"https:\/\/janssencosmetics.lt\/en\/produktas\/24-val-liftingojantis-kremas\/","title":{"rendered":"24 val. liftinguojantis kremas, 50ml"},"content":{"rendered":"<p>Novatori\u0161koje kremo formul\u0117je yra dviej\u0173 tip\u0173 hialurono r\u016bg\u0161ties ir Soft Focus pigment\u0173, kurie intensyviai dr\u0117kina ir akimirksniu pagerina veido spalv\u0105. Kremas yra nuostabiai \u0161velnios tekst\u016bros turintis raminan\u010di\u0173 veikli\u0173j\u0173 med\u017eiag\u0173, toki\u0173 kaip alavijas, alantoinas ir niacinamidas. Sensational Glow Cream puikiai u\u017ebaigia bet koki\u0105 profesionali\u0105 proced\u016br\u0105. Tikras sensacingas kremas \u2013 visiems odos tipams, moterims ir vyrams,be am\u017eiaus apribojim\u0173. Nor\u0117dami gauti dar ry\u0161kesn\u012f efekt\u0105,siulome naudokite krem\u0105 kartu su Magic Glow serumu.<br \/>\n<strong>Veiklieji komponentai: <\/strong>Indijos vandenyno dumbli\u0173 ekstraktas, Vienodo rafinavimo kompleksa, Didel\u0117s ir ma\u017eos molekulin\u0117s mas\u0117s hialurono r\u016bg\u0161tis,Sacharido izomeratas, Aloe Vera ekstraktas, Alantoinas, Kofeinas, Niacinamidas,Taukmed\u017eio sviestas,Pigmentai Soft Focus.<br \/>\n<strong>Naudojimas: <\/strong>Salone: \u200b\u200bkaip finalin\u0117 priemon\u0117 atliekant bet koki\u0105 proced\u016br\u0105. Namuose:naudoti kasdien ryte ir vakare ant \u0161varios veido odos.<\/p>\n","protected":false},"excerpt":{"rendered":"<p>\u0160velnus 24 valand\u0173 veikimo kremas suteikia odai reikiamos dr\u0117gm\u0117s, ma\u017eina rieb\u0173 blizges\u012f, gerina por\u0173 b\u016bkl\u0119, atnaujina ir jaunina od\u0105.<\/p>\n","protected":false},"featured_media":1354,"template":"","meta":[],"product_cat":[22,35,24],"product_tag":[],"_links":{"self":[{"href":"https:\/\/janssencosmetics.lt\/en\/wp-json\/wp\/v2\/product\/1347"}],"collection":[{"href":"https:\/\/janssencosmetics.lt\/en\/wp-json\/wp\/v2\/product"}],"about":[{"href":"https:\/\/janssencosmetics.lt\/en\/wp-json\/wp\/v2\/types\/product"}],"wp:featuredmedia":[{"embeddable":true,"href":"https:\/\/janssencosmetics.lt\/en\/wp-json\/wp\/v2\/media\/1354"}],"wp:attachment":[{"href":"https:\/\/janssencosmetics.lt\/en\/wp-json\/wp\/v2\/media?parent=1347"}],"wp:term":[{"taxonomy":"product_cat","embeddable":true,"href":"https:\/\/janssencosmetics.lt\/en\/wp-json\/wp\/v2\/product_cat?post=1347"},{"taxonomy":"product_tag","embeddable":true,"href":"https:\/\/janssencosmetics.lt\/en\/wp-json\/wp\/v2\/product_tag?post=1347"}],"curies":[{"name":"wp","href":"https:\/\/api.w.org\/{rel}","templated":true}]}}