{"id":1339,"date":"2023-01-31T11:03:47","date_gmt":"2023-01-31T11:03:47","guid":{"rendered":"https:\/\/janssencosmetics.lt\/?post_type=product&#038;p=1339"},"modified":"2024-08-16T09:51:31","modified_gmt":"2024-08-16T09:51:31","slug":"kremas-su-juros-kolagenu","status":"publish","type":"product","link":"https:\/\/janssencosmetics.lt\/en\/produktas\/kremas-su-juros-kolagenu\/","title":{"rendered":"Kremas su j\u016bros kolagenu, 50ml"},"content":{"rendered":"<p>Marine Collagen Cream su j\u016briniu kolagenu giliai ir ilgam dr\u0117kina od\u0105 ir atkuria odos epidermio barjer\u0105. Novatori\u0161ka kremo formul\u0117 leid\u017eia trigubai padidinti savo kolageno kiek\u012f odoje, pagerinti jos turgor\u0105, elastingum\u0105. Kremas greitai susigeria, oda tampa \u0161ilkin\u0117 ir \u0161velni. Universalus unisex kremas tinka bet kokiam odos tipui, bet kokiam am\u017eiui. Turi malon\u0173 aromat\u0105.<br \/>\n<strong>Veiklieji komponentai:<\/strong> J\u016brinis kolagenas, granat\u0173 \u017eied\u0173 ekstraktas (punica granatum, flos) ir vitaminas C, didel\u0117s molekulin\u0117s mas\u0117s hialurono r\u016bg\u0161tis, makadamijos aliejus, vitaminas E.<br \/>\n<strong>Naudojimas:<\/strong> Salone: \u200b\u200bU\u017etepkite Marine Collagen Cream krem\u0105 kaip paskutin\u012f proceduros etap\u0105. Namuose: ryte ir (arba) vakare u\u017etepkite nedidel\u012f kiek\u012f kremo ant veido, kaklo, dekolt\u0117 zonos pir\u0161t\u0173 galiukais \u0161velniai \u012fmasa\u017euokite \u012f od\u0105.<\/p>\n","protected":false},"excerpt":{"rendered":"<p>Kremas su j\u016briniu kolagenu intensyviai dr\u0117kina od\u0105, apsaugo nuo audini\u0173 elastingumo suma\u017e\u0117jimo, ma\u017eina rauk\u0161li\u0173 kiek\u012f ir gyl\u012f.<\/p>\n","protected":false},"featured_media":1345,"template":"","meta":[],"product_cat":[98,35,24],"product_tag":[],"_links":{"self":[{"href":"https:\/\/janssencosmetics.lt\/en\/wp-json\/wp\/v2\/product\/1339"}],"collection":[{"href":"https:\/\/janssencosmetics.lt\/en\/wp-json\/wp\/v2\/product"}],"about":[{"href":"https:\/\/janssencosmetics.lt\/en\/wp-json\/wp\/v2\/types\/product"}],"wp:featuredmedia":[{"embeddable":true,"href":"https:\/\/janssencosmetics.lt\/en\/wp-json\/wp\/v2\/media\/1345"}],"wp:attachment":[{"href":"https:\/\/janssencosmetics.lt\/en\/wp-json\/wp\/v2\/media?parent=1339"}],"wp:term":[{"taxonomy":"product_cat","embeddable":true,"href":"https:\/\/janssencosmetics.lt\/en\/wp-json\/wp\/v2\/product_cat?post=1339"},{"taxonomy":"product_tag","embeddable":true,"href":"https:\/\/janssencosmetics.lt\/en\/wp-json\/wp\/v2\/product_tag?post=1339"}],"curies":[{"name":"wp","href":"https:\/\/api.w.org\/{rel}","templated":true}]}}