{"id":1303,"date":"2023-01-30T17:52:20","date_gmt":"2023-01-30T17:52:20","guid":{"rendered":"https:\/\/janssencosmetics.lt\/?post_type=product&#038;p=1303"},"modified":"2025-03-17T09:06:10","modified_gmt":"2025-03-17T09:06:10","slug":"serumas-stabilizuojantis-naturalius-odos-apsaugos-mechanizmus","status":"publish","type":"product","link":"https:\/\/janssencosmetics.lt\/en\/produktas\/serumas-stabilizuojantis-naturalius-odos-apsaugos-mechanizmus\/","title":{"rendered":"Serumas stabilizuojantis nat\u016bralius odos apsaugos mechanizmus, 30ml"},"content":{"rendered":"<p>Naujasis Pro-Immune serumas yra inovatyvus aktyvi\u0173j\u0173 med\u017eiag\u0173 koncentratas, kuris stabilizuoja nat\u016bralius odos apsaugos mechanizmus ir reguliariai naudojamas padaro od\u0105 gerokai glotnesn\u0119, mink\u0161tesn\u0119 ir \u0161vytin\u010di\u0105. Oda apsaugoma nuo oksidacinio streso ir pripildoma dr\u0117gm\u0117s, o tai taipogi pagerina jos b\u016bkl\u0119.<br \/>\n<strong>Veiklieji komponentai: <\/strong>Ikr\u0173 ekstraktas, ma\u017eos molekulin\u0117s mas\u0117s hialurono r\u016bg\u0161tis, j\u016briniai polisacharidai (karageninas ir alginatai i\u0161 raudon\u0173j\u0173 ir rud\u0173j\u0173 dumbli\u0173), raudon\u0173j\u0173 dumbli\u0173 ekstraktas (Calliblepharis jubata), glicerinas.<br \/>\n<strong>Naudojimas: <\/strong>nuval\u0119 od\u0105, \u0161velniai \u012fmasa\u017euokite \u012f j\u0105 kelis serumo la\u0161us vien\u0105 ar du kartus per dien\u0105. Leiskite serumui susigerti, tada u\u017etepkite \u012fprast\u0105 dienin\u012f ar naktin\u012f krem\u0105. Idealu derinti serum\u0105 su Anti- pollution Cream.<\/p>\n","protected":false},"excerpt":{"rendered":"<p>Serumas sustiprina nat\u016brali\u0105 odos apsaug\u0105 ir suma\u017eina d\u0117l sausumo atsiradusias rauk\u0161leles.<\/p>\n","protected":false},"featured_media":1306,"template":"","meta":[],"product_cat":[34,117,98,35],"product_tag":[],"_links":{"self":[{"href":"https:\/\/janssencosmetics.lt\/en\/wp-json\/wp\/v2\/product\/1303"}],"collection":[{"href":"https:\/\/janssencosmetics.lt\/en\/wp-json\/wp\/v2\/product"}],"about":[{"href":"https:\/\/janssencosmetics.lt\/en\/wp-json\/wp\/v2\/types\/product"}],"wp:featuredmedia":[{"embeddable":true,"href":"https:\/\/janssencosmetics.lt\/en\/wp-json\/wp\/v2\/media\/1306"}],"wp:attachment":[{"href":"https:\/\/janssencosmetics.lt\/en\/wp-json\/wp\/v2\/media?parent=1303"}],"wp:term":[{"taxonomy":"product_cat","embeddable":true,"href":"https:\/\/janssencosmetics.lt\/en\/wp-json\/wp\/v2\/product_cat?post=1303"},{"taxonomy":"product_tag","embeddable":true,"href":"https:\/\/janssencosmetics.lt\/en\/wp-json\/wp\/v2\/product_tag?post=1303"}],"curies":[{"name":"wp","href":"https:\/\/api.w.org\/{rel}","templated":true}]}}