{"id":1285,"date":"2023-01-26T11:27:11","date_gmt":"2023-01-26T11:27:11","guid":{"rendered":"https:\/\/janssencosmetics.lt\/?post_type=product&#038;p=1285"},"modified":"2024-08-16T09:43:50","modified_gmt":"2024-08-16T09:43:50","slug":"sviesinantis-koncentratas","status":"publish","type":"product","link":"https:\/\/janssencosmetics.lt\/en\/produktas\/sviesinantis-koncentratas\/","title":{"rendered":"\u0160viesinantis koncentratas, 30ml"},"content":{"rendered":"<p>Neatskiriama \u201eFair Skin\u201c odos prie\u017ei\u016bros sistemos dalis. Palaiko ir pagerina \u201eBrightening Day Protection\u201c ir \u201eBrightening Night Care\u201c krem\u0173 poveik\u012f, veikdamas hiperpigmentacijos\u00a0vietuose. Suma\u017eina \u00a0pigmentines d\u0117mes ir neleid\u017eia atsirasti naujoms. I\u0161lygina odos ton\u0105 ir suteikia odai spind\u0117sio. Dr\u0117kina ir i\u0161saugo dr\u0117gm\u0119 odoje. Pasi\u017eymi anti-age savyb\u0117mis, suma\u017eina rauk\u0161les. Reguliariai vartojant (ne ma\u017eiau kaip 8 savaites) pigmentin\u0117s d\u0117m\u0117s tampa ma\u017eiau pastebimos, o odos tonas tampa lygesnis ir \u0161vesesnis.<br \/>\n<strong>Veiklieji komponentai:<\/strong> Heksilresorcinolis: stiprus tirozinaz\u0117s inhibitorius, kompleksas, gautas i\u0161 \u0161ilkmed\u017eio ir natrio natrio ekstrakto, trumpas\u00a0ir ilgas grandin\u0117s hialurono r\u016bg\u0161tis, invertinis cukrus.<br \/>\n<strong>Naudojimas: <\/strong>tepkite serum\u0105 \u0161velniais masa\u017eo jud\u0117siais ant \u0161varios odos ryte ir\/arba vakare. Ant vir\u0161aus tepkite krem\u0105 i\u0161 serijos Fair skin.<\/p>\n","protected":false},"excerpt":{"rendered":"<p>Aktyvus koncentratas su intensyviu \u0161viesinamuoju ir dr\u0117kinamuoju poveikiu.<\/p>\n","protected":false},"featured_media":1287,"template":"","meta":[],"product_cat":[33,117],"product_tag":[],"_links":{"self":[{"href":"https:\/\/janssencosmetics.lt\/en\/wp-json\/wp\/v2\/product\/1285"}],"collection":[{"href":"https:\/\/janssencosmetics.lt\/en\/wp-json\/wp\/v2\/product"}],"about":[{"href":"https:\/\/janssencosmetics.lt\/en\/wp-json\/wp\/v2\/types\/product"}],"wp:featuredmedia":[{"embeddable":true,"href":"https:\/\/janssencosmetics.lt\/en\/wp-json\/wp\/v2\/media\/1287"}],"wp:attachment":[{"href":"https:\/\/janssencosmetics.lt\/en\/wp-json\/wp\/v2\/media?parent=1285"}],"wp:term":[{"taxonomy":"product_cat","embeddable":true,"href":"https:\/\/janssencosmetics.lt\/en\/wp-json\/wp\/v2\/product_cat?post=1285"},{"taxonomy":"product_tag","embeddable":true,"href":"https:\/\/janssencosmetics.lt\/en\/wp-json\/wp\/v2\/product_tag?post=1285"}],"curies":[{"name":"wp","href":"https:\/\/api.w.org\/{rel}","templated":true}]}}