{"id":1276,"date":"2023-01-26T11:09:27","date_gmt":"2023-01-26T11:09:27","guid":{"rendered":"https:\/\/janssencosmetics.lt\/?post_type=product&#038;p=1276"},"modified":"2024-08-16T11:10:16","modified_gmt":"2024-08-16T11:10:16","slug":"paakiu-kremas-nuo-tamsiu-ratilu-ir-paburkimu","status":"publish","type":"product","link":"https:\/\/janssencosmetics.lt\/en\/produktas\/paakiu-kremas-nuo-tamsiu-ratilu-ir-paburkimu\/","title":{"rendered":"Paaki\u0173 kremas nuo tamsi\u0173 ratil\u0173 ir paburkim\u0173, 15ml"},"content":{"rendered":"<p>D\u0117l savo subtilios tekst\u016bros jis greitai absorbuojamas, intensyviai suma\u017eina tamsius ratulius po akimis, lygina ir atjaunina od\u0105, skatina kolageno sintez\u0119, giliai dr\u0117kina ir ramina. Trumpas ir ilgas grandin\u0117s hialurono r\u016bg\u0161tis papildomai dr\u0117kina ir i\u0161lygina sausum\u0105 sukelian\u010dias rauk\u0161les. Rezultatas: i\u0161nyksta tams\u016bs ratuliai po akimis, oda atrodo jaunesn\u0117, tankesn\u0117 ir lygi.<br \/>\n<strong>Veiklieji komponentai:<\/strong> \u201eSyn-Eye\u201c: galingas 4-in-1 veikli\u0173j\u0173 med\u017eiag\u0173 kompleksas i\u0161 tripeptido kartu su mikroagi\u0173, pantenolio ir trumpos grandin\u0117s hialurono r\u016bg\u0161ties ekstraktu, trumpas ir ilgas grandin\u0117s hialurono r\u016bg\u0161tis, invertinis cukrus.<br \/>\n<strong>Naudojimas:<\/strong> Rekomenduojama kasdieniam naudojimui ryte ir vakare. Tai idealus pagrindas aki\u0173 makia\u017eui. Tepkite lengvais judesiais ant nuvalytos paaki\u0173 odos. Kremas yra lengvos tekst\u016bros, greitai absorbuojamas.<\/p>\n","protected":false},"excerpt":{"rendered":"<p>Aki\u0173 kremas suteikia greit\u0105 ir ilgalaik\u012f efekt\u0105: \u0161viesina tamsius apskritimus, suma\u017eina patinim\u0105, dr\u0117kina od\u0105 ir i\u0161lygina rauk\u0161les.<\/p>\n","protected":false},"featured_media":1283,"template":"","meta":[],"product_cat":[33],"product_tag":[],"_links":{"self":[{"href":"https:\/\/janssencosmetics.lt\/en\/wp-json\/wp\/v2\/product\/1276"}],"collection":[{"href":"https:\/\/janssencosmetics.lt\/en\/wp-json\/wp\/v2\/product"}],"about":[{"href":"https:\/\/janssencosmetics.lt\/en\/wp-json\/wp\/v2\/types\/product"}],"wp:featuredmedia":[{"embeddable":true,"href":"https:\/\/janssencosmetics.lt\/en\/wp-json\/wp\/v2\/media\/1283"}],"wp:attachment":[{"href":"https:\/\/janssencosmetics.lt\/en\/wp-json\/wp\/v2\/media?parent=1276"}],"wp:term":[{"taxonomy":"product_cat","embeddable":true,"href":"https:\/\/janssencosmetics.lt\/en\/wp-json\/wp\/v2\/product_cat?post=1276"},{"taxonomy":"product_tag","embeddable":true,"href":"https:\/\/janssencosmetics.lt\/en\/wp-json\/wp\/v2\/product_tag?post=1276"}],"curies":[{"name":"wp","href":"https:\/\/api.w.org\/{rel}","templated":true}]}}