{"id":1268,"date":"2023-01-26T10:13:43","date_gmt":"2023-01-26T10:13:43","guid":{"rendered":"https:\/\/janssencosmetics.lt\/?post_type=product&#038;p=1268"},"modified":"2024-08-16T11:10:34","modified_gmt":"2024-08-16T11:10:34","slug":"sviesinantis-atstatantis-ir-drekinantis-naktinis-kremas","status":"publish","type":"product","link":"https:\/\/janssencosmetics.lt\/en\/produktas\/sviesinantis-atstatantis-ir-drekinantis-naktinis-kremas\/","title":{"rendered":"\u0160viesinantis atstatantis ir dr\u0117kinantis naktinis kremas, 50ml"},"content":{"rendered":"<p>Kremo sud\u0117tyje yra heksilresorcinolio, kuris yra labai veiksmingas kovojant su pigmentin\u0117mis d\u0117memis ir anti-age savyb\u0117mis, \u012frodytas klinikiniais tyrimais. Hialurono r\u016bg\u0161tis, turinti trump\u0105 ir ilg\u0105 grandin\u0119, skatina papildom\u0105 odos dr\u0117kinim\u0105 ir i\u0161lygina rauk\u0161les. Rezultatas: reguliariai naudojant (ne ma\u017eiau kaip 8 savaites) pasiekiamas nuostabus rezultatas: oda pa\u0161vies\u0117ja, atrodo sveik\u0105, \u0161vytint\u012f, suma\u017e\u0117jo rauk\u0161li\u0173.<\/p>\n<p><strong>Veiklieji komponentai:<\/strong> Heksilresorcinolis, enhancer kompleksas, trumpas ir ilgas grandin\u0117s hialurono r\u016bg\u0161tis, Invertinis cukrus, izostearilo izostearatas (ISIS).<br \/>\n<strong>Naudojimas:<\/strong> naudoti vakare ant \u0161varios veido, kaklo, dekolte srities.<\/p>\n","protected":false},"excerpt":{"rendered":"<p>Optimaliai papildo ir sustiprina Brightening Day Protection kremo,kuris r\u016bpinasi oda dienos metu,poveik\u012f.<\/p>\n","protected":false},"featured_media":1273,"template":"","meta":[],"product_cat":[33],"product_tag":[],"_links":{"self":[{"href":"https:\/\/janssencosmetics.lt\/en\/wp-json\/wp\/v2\/product\/1268"}],"collection":[{"href":"https:\/\/janssencosmetics.lt\/en\/wp-json\/wp\/v2\/product"}],"about":[{"href":"https:\/\/janssencosmetics.lt\/en\/wp-json\/wp\/v2\/types\/product"}],"wp:featuredmedia":[{"embeddable":true,"href":"https:\/\/janssencosmetics.lt\/en\/wp-json\/wp\/v2\/media\/1273"}],"wp:attachment":[{"href":"https:\/\/janssencosmetics.lt\/en\/wp-json\/wp\/v2\/media?parent=1268"}],"wp:term":[{"taxonomy":"product_cat","embeddable":true,"href":"https:\/\/janssencosmetics.lt\/en\/wp-json\/wp\/v2\/product_cat?post=1268"},{"taxonomy":"product_tag","embeddable":true,"href":"https:\/\/janssencosmetics.lt\/en\/wp-json\/wp\/v2\/product_tag?post=1268"}],"curies":[{"name":"wp","href":"https:\/\/api.w.org\/{rel}","templated":true}]}}