{"id":1237,"date":"2023-01-26T08:58:22","date_gmt":"2023-01-26T08:58:22","guid":{"rendered":"https:\/\/janssencosmetics.lt\/?post_type=product&#038;p=1237"},"modified":"2024-08-16T11:11:03","modified_gmt":"2024-08-16T11:11:03","slug":"dieninis-kremas-spf20","status":"publish","type":"product","link":"https:\/\/janssencosmetics.lt\/en\/produktas\/dieninis-kremas-spf20\/","title":{"rendered":"Dieninis kremas SPF20, 50ml"},"content":{"rendered":"<p>Labai efektyvus dieninio kremo heksilresorcinolio ingredientas turi puik\u0173 \u0161viesinam\u0105j\u012f poveik\u012f \u00a0odai ir, jei naudojamas reguliariai, apsaugo nuo nepageidaujamos pigmentacijos atsiradimo. Hexylresorcin yra stiprus tirozinaz\u0117s inhibitorius, \u017eymiai geresnis u\u017e gerai \u017einom\u0105 balinimo komponent\u0105, hidrokinon\u0105, kurio koncentracija yra 4%, taip pat ir kitos med\u017eiagos &#8211; saldymed\u017eio \u0161akn\u0173 ekstraktas, niacinamidas, \u012fvairios C vitamino formos ir retinolis. Be to, heksilresorcinolio savyb\u0117s ir antioksidacinis aktyvumas stabdo glikacijos procesus, stimuliuoja kolageno ir elastino sintez\u0119. Kremas intensyviai dr\u0117kina od\u0105 ir suteikia jai reikiam\u0105 prie\u017ei\u016br\u0105. UVA\/UVB filtrai apsaugo od\u0105 nuo prie\u0161laikinio sen\u0117jimo ir nepageidaujam\u0173 pigmentini\u0173 d\u0117mi\u0173.<br \/>\n<strong>Veiklieji komponentai:<\/strong>lipoamino r\u016bg\u0161tys, augalini\u0173 ekstrakt\u0173 kompleksas SORR, raudon\u0173j\u0173 dumbli\u0173 ekstraktas Chondrus crispus, Heksilresorcinolis, invertinis cukrus, titano dioksidas,UV filtrai: Organin\u0117s kilm\u0117s cheminiai UVA\/UVB filtrai.<br \/>\n<strong>Naudojimas: <\/strong>Kiekvien\u0105 ryt\u0105 lengvais masa\u017eo judesiais tepkite veid\u0105, kakl\u0105 ir dekolt\u0117 srit\u012f, vengdami srities aplink akis.<\/p>\n","protected":false},"excerpt":{"rendered":"<p>\u0160viesinamasis, oda balinantis kremas pagerina odos ton\u0105 ir paslepia tr\u016bkumus d\u0117l esan\u010diu balt\u0173j\u0173 \u00a0pigmet\u0173 sud\u0117tyje.<\/p>\n","protected":false},"featured_media":1259,"template":"","meta":[],"product_cat":[33,24],"product_tag":[],"_links":{"self":[{"href":"https:\/\/janssencosmetics.lt\/en\/wp-json\/wp\/v2\/product\/1237"}],"collection":[{"href":"https:\/\/janssencosmetics.lt\/en\/wp-json\/wp\/v2\/product"}],"about":[{"href":"https:\/\/janssencosmetics.lt\/en\/wp-json\/wp\/v2\/types\/product"}],"wp:featuredmedia":[{"embeddable":true,"href":"https:\/\/janssencosmetics.lt\/en\/wp-json\/wp\/v2\/media\/1259"}],"wp:attachment":[{"href":"https:\/\/janssencosmetics.lt\/en\/wp-json\/wp\/v2\/media?parent=1237"}],"wp:term":[{"taxonomy":"product_cat","embeddable":true,"href":"https:\/\/janssencosmetics.lt\/en\/wp-json\/wp\/v2\/product_cat?post=1237"},{"taxonomy":"product_tag","embeddable":true,"href":"https:\/\/janssencosmetics.lt\/en\/wp-json\/wp\/v2\/product_tag?post=1237"}],"curies":[{"name":"wp","href":"https:\/\/api.w.org\/{rel}","templated":true}]}}