{"id":1227,"date":"2023-01-25T10:19:01","date_gmt":"2023-01-25T10:19:01","guid":{"rendered":"https:\/\/janssencosmetics.lt\/?post_type=product&#038;p=1227"},"modified":"2024-08-16T11:12:03","modified_gmt":"2024-08-16T11:12:03","slug":"sviesinantis-kreminis-pilingas-su-granulemis","status":"publish","type":"product","link":"https:\/\/janssencosmetics.lt\/en\/produktas\/sviesinantis-kreminis-pilingas-su-granulemis\/","title":{"rendered":"\u0160viesinantis kreminis pilingas su granul\u0117mis, 50ml"},"content":{"rendered":"<p>Puikiai paruo\u0161ia od\u0105 intensyviai \u0161viesinan\u010diai prie\u017ei\u016brai. Sud\u0117tyje esan\u010dios citrinos ir gliukolio r\u016bg\u0161tys bei abrazyvin\u0117s daleles pa\u0161alina suragejusi\u0105s epidermio l\u0105steles, kuriuose yra prisikaupusio melanino, d\u0117l to pigmentin\u0117s d\u0117m\u0117s pa\u0161vies\u0117ja. Reguliariai naudojant odos atspalvis bei reljefas tampa \u017eymiai lygesnis, poros susiaur\u0117ja ir oda tampa elastinga ir spindinti.<br \/>\n<strong>Veiklieji komponentai:<\/strong> polietileno sferos, citrin\u0173 r\u016bg\u0161tis, glikolio r\u016bg\u0161tis, titano dioksidas.<br \/>\n<strong>Naudojimas:<\/strong> naudoti ant \u0161varios veido odos 2 kartus per savait\u0119, \u0161velniais judesiais paskirstyti \u0161veitikl\u012f, nuplauti dideliu kiekiu vandens.<\/p>\n","protected":false},"excerpt":{"rendered":"<p>\u0160veitiklis skirtas veido spalvos tonui i\u0161lyginti.<\/p>\n","protected":false},"featured_media":1235,"template":"","meta":[],"product_cat":[33],"product_tag":[],"_links":{"self":[{"href":"https:\/\/janssencosmetics.lt\/en\/wp-json\/wp\/v2\/product\/1227"}],"collection":[{"href":"https:\/\/janssencosmetics.lt\/en\/wp-json\/wp\/v2\/product"}],"about":[{"href":"https:\/\/janssencosmetics.lt\/en\/wp-json\/wp\/v2\/types\/product"}],"wp:featuredmedia":[{"embeddable":true,"href":"https:\/\/janssencosmetics.lt\/en\/wp-json\/wp\/v2\/media\/1235"}],"wp:attachment":[{"href":"https:\/\/janssencosmetics.lt\/en\/wp-json\/wp\/v2\/media?parent=1227"}],"wp:term":[{"taxonomy":"product_cat","embeddable":true,"href":"https:\/\/janssencosmetics.lt\/en\/wp-json\/wp\/v2\/product_cat?post=1227"},{"taxonomy":"product_tag","embeddable":true,"href":"https:\/\/janssencosmetics.lt\/en\/wp-json\/wp\/v2\/product_tag?post=1227"}],"curies":[{"name":"wp","href":"https:\/\/api.w.org\/{rel}","templated":true}]}}