{"id":1200,"date":"2023-01-24T13:30:07","date_gmt":"2023-01-24T13:30:07","guid":{"rendered":"https:\/\/janssencosmetics.lt\/?post_type=product&#038;p=1200"},"modified":"2025-07-08T14:14:51","modified_gmt":"2025-07-08T14:14:51","slug":"sviesinantis-tonikas-pigmentuotai-odai-3","status":"publish","type":"product","link":"https:\/\/janssencosmetics.lt\/en\/produktas\/sviesinantis-tonikas-pigmentuotai-odai-3\/","title":{"rendered":"\u0160viesinantis tonikas pigmentuotai odai, 100ml"},"content":{"rendered":"<p>Augalini\u0173 ekstrakt\u0173 d\u0117ka, apsaugo nuo pigmentini\u0173 d\u0117mi\u0173 atsiradimo, lygina veido odos atspalv\u012f ir suteikia odai gaivumo. Puikiai u\u017ebaigia valymo ritual\u0105.<br \/>\n<strong>Veiklieji komponentai:<\/strong> balto \u0161ilkmed\u017eio \u0161aknies ekstraktas, augalini\u0173 ekstrakt\u0173 kompleksas SORR, glicerinas, alavijas, alantoinas.<br \/>\n<strong>Naudojimas: <\/strong>sudr\u0117kinti vatos pagalv\u0117les toniku ir pravalyti veid\u0105 ir kakl\u0105. Naudoti ryte ir vakare.<\/p>\n<p>Galiojimas iki: 2025.11.05<\/p>\n","protected":false},"excerpt":{"rendered":"<p>Atgaivina ir dr\u0117kina od\u0105, <span class=\"jCAhz ChMk0b\"><span class=\"ryNqvb\">puiki \u0161viesinan\u010dios proced\u016bros prad\u017eia.<\/span><\/span>\u00a0<span class=\"jCAhz ChMk0b\"><span class=\"ryNqvb\">Padeda suvienodinti odos atspalv\u012f ir pagerinti por\u0173 b\u016bkl\u0119.<\/span><\/span><\/p>\n","protected":false},"featured_media":1266,"template":"","meta":[],"product_cat":[33],"product_tag":[],"_links":{"self":[{"href":"https:\/\/janssencosmetics.lt\/en\/wp-json\/wp\/v2\/product\/1200"}],"collection":[{"href":"https:\/\/janssencosmetics.lt\/en\/wp-json\/wp\/v2\/product"}],"about":[{"href":"https:\/\/janssencosmetics.lt\/en\/wp-json\/wp\/v2\/types\/product"}],"wp:featuredmedia":[{"embeddable":true,"href":"https:\/\/janssencosmetics.lt\/en\/wp-json\/wp\/v2\/media\/1266"}],"wp:attachment":[{"href":"https:\/\/janssencosmetics.lt\/en\/wp-json\/wp\/v2\/media?parent=1200"}],"wp:term":[{"taxonomy":"product_cat","embeddable":true,"href":"https:\/\/janssencosmetics.lt\/en\/wp-json\/wp\/v2\/product_cat?post=1200"},{"taxonomy":"product_tag","embeddable":true,"href":"https:\/\/janssencosmetics.lt\/en\/wp-json\/wp\/v2\/product_tag?post=1200"}],"curies":[{"name":"wp","href":"https:\/\/api.w.org\/{rel}","templated":true}]}}