{"id":1189,"date":"2023-01-24T12:16:08","date_gmt":"2023-01-24T12:16:08","guid":{"rendered":"https:\/\/janssencosmetics.lt\/?post_type=product&#038;p=1189"},"modified":"2024-08-16T11:12:38","modified_gmt":"2024-08-16T11:12:38","slug":"sviesinamoji-valomoji-pudra","status":"publish","type":"product","link":"https:\/\/janssencosmetics.lt\/en\/produktas\/sviesinamoji-valomoji-pudra\/","title":{"rendered":"\u0160viesinamoji valomoji pudra, 60gr"},"content":{"rendered":"<p>Melafadin Cleansing Powder\u00a0yra malonaus kvapo produktas, kurio sud\u0117tyje yra gryno vitamino C efektyviam \u0161viesinimo efektui u\u017etikrinti. Sumai\u0161ant pudr\u0105 su vandeniu, milteliai tampa kremin\u0117mis putomis, kruop\u0161\u010diai i\u0161valo od\u0105 nuo ne\u0161varum\u0173 ir makia\u017eo.<br \/>\n<strong>Veiklieji komponentai: <\/strong>grynas vitaminas C (askorbo r\u016bg\u0161tis), riebi\u0173j\u0173 r\u016bg\u0161\u010di\u0173 kondensatas, titano dioksidas.<br \/>\n<strong>Naudojimas: <\/strong>sumai\u0161yti pudr\u0105 su nedideliu kiekiu vandens iki vientisos mas\u0117s, iki kol gaunasi kremin\u0117s putos. U\u017etepti ant veido, kaklo, dekolte odos, nuplauti vandeniu. Naudoti kasdien ryte ir vakare.<\/p>\n","protected":false},"excerpt":{"rendered":"<p>Malonaus aromato valomoji pudra su grynu vitaminu C, efektyviam \u0161viesinimo poveikiui.<\/p>\n","protected":false},"featured_media":1225,"template":"","meta":[],"product_cat":[33],"product_tag":[177],"_links":{"self":[{"href":"https:\/\/janssencosmetics.lt\/en\/wp-json\/wp\/v2\/product\/1189"}],"collection":[{"href":"https:\/\/janssencosmetics.lt\/en\/wp-json\/wp\/v2\/product"}],"about":[{"href":"https:\/\/janssencosmetics.lt\/en\/wp-json\/wp\/v2\/types\/product"}],"wp:featuredmedia":[{"embeddable":true,"href":"https:\/\/janssencosmetics.lt\/en\/wp-json\/wp\/v2\/media\/1225"}],"wp:attachment":[{"href":"https:\/\/janssencosmetics.lt\/en\/wp-json\/wp\/v2\/media?parent=1189"}],"wp:term":[{"taxonomy":"product_cat","embeddable":true,"href":"https:\/\/janssencosmetics.lt\/en\/wp-json\/wp\/v2\/product_cat?post=1189"},{"taxonomy":"product_tag","embeddable":true,"href":"https:\/\/janssencosmetics.lt\/en\/wp-json\/wp\/v2\/product_tag?post=1189"}],"curies":[{"name":"wp","href":"https:\/\/api.w.org\/{rel}","templated":true}]}}