{"id":1186,"date":"2023-01-23T14:42:42","date_gmt":"2023-01-23T14:42:42","guid":{"rendered":"https:\/\/janssencosmetics.lt\/?post_type=product&#038;p=1186"},"modified":"2024-08-16T09:44:06","modified_gmt":"2024-08-16T09:44:06","slug":"akimirksniu-liftinguojantis-serumas","status":"publish","type":"product","link":"https:\/\/janssencosmetics.lt\/en\/produktas\/akimirksniu-liftinguojantis-serumas\/","title":{"rendered":"Akimirksniu liftinguojantis serumas, 30ml"},"content":{"rendered":"<p><span class=\"jCAhz ChMk0b\"><span class=\"ryNqvb\">Serumas praturtintas j\u016briniu kolagenu, kuris suteikia ir ilg\u0105 laik\u0105 palaiko ry\u0161k\u0173 liftingo efekt\u0105.<\/span><\/span> <span class=\"jCAhz ChMk0b\"><span class=\"ryNqvb\">Aktyv\u016bs Cellular Regeneration Complex (sutrumpintai CRC) komponentai skatina kompleksin\u012f brand\u017eios odos regeneracij\u0105 ir stiprina jos strukt\u016br\u0105.<\/span><\/span> <span class=\"jCAhz ChMk0b\"><span class=\"ryNqvb\">Raudon\u0173j\u0173 dobil\u0173 ekstraktas ma\u017eina rauk\u0161li\u0173 atsiradim\u0105, stangrina ir dr\u0117kina.<\/span><\/span> <span class=\"jCAhz ChMk0b\"><span class=\"ryNqvb\">Kombucha palaiko riebalinio audinio kokyb\u0119, veikia kaip lipofileris, lygina od\u0105 ir gerina jos spalv\u0105.<\/span><\/span> <span class=\"jCAhz ChMk0b\"><span class=\"ryNqvb\">\u201eInstant Lift Serum\u201c yra \u201emomentinio gro\u017eio\u201c serumas, kuris gali b\u016bti naudojamas prie\u0161 bet kok\u012f ypating\u0105 \u012fvyk\u012f kaip greita odos prie\u017ei\u016bros priemon\u0117.<\/span><\/span> <span class=\"jCAhz ChMk0b\"><span class=\"ryNqvb\">Rezultatas: oda lygesn\u0117, elastingesn\u0117, stangresn\u0117, u\u017epildyta i\u0161 vidaus.<\/span><\/span><br \/>\n<strong>Veiklieji komponentai:<\/strong> CRC (Cellular Regeneration Complex): Raudonojo dobilo ekstraktas, Kombucha: fermentuota juoda arbata, J\u016br\u0173 kolagenas: gaunamas i\u0161 \u017euv\u0173 odos.<br \/>\n<strong>Naudojimas:<\/strong> tepti pagal poreik\u012f ryte ir vakare prie\u0161 naudojant kosmetin\u012f krem\u0105.<\/p>\n","protected":false},"excerpt":{"rendered":"<p>Instant Lift serumas su l\u0105steli\u0173 regeneravimo kompleksu suteikia odai gaivumo ir spindesio vos per kelias minutes!<\/p>\n","protected":false},"featured_media":1187,"template":"","meta":[],"product_cat":[117,30],"product_tag":[],"_links":{"self":[{"href":"https:\/\/janssencosmetics.lt\/en\/wp-json\/wp\/v2\/product\/1186"}],"collection":[{"href":"https:\/\/janssencosmetics.lt\/en\/wp-json\/wp\/v2\/product"}],"about":[{"href":"https:\/\/janssencosmetics.lt\/en\/wp-json\/wp\/v2\/types\/product"}],"wp:featuredmedia":[{"embeddable":true,"href":"https:\/\/janssencosmetics.lt\/en\/wp-json\/wp\/v2\/media\/1187"}],"wp:attachment":[{"href":"https:\/\/janssencosmetics.lt\/en\/wp-json\/wp\/v2\/media?parent=1186"}],"wp:term":[{"taxonomy":"product_cat","embeddable":true,"href":"https:\/\/janssencosmetics.lt\/en\/wp-json\/wp\/v2\/product_cat?post=1186"},{"taxonomy":"product_tag","embeddable":true,"href":"https:\/\/janssencosmetics.lt\/en\/wp-json\/wp\/v2\/product_tag?post=1186"}],"curies":[{"name":"wp","href":"https:\/\/api.w.org\/{rel}","templated":true}]}}