{"id":1174,"date":"2023-01-19T15:04:03","date_gmt":"2023-01-19T15:04:03","guid":{"rendered":"https:\/\/janssencosmetics.lt\/?post_type=product&#038;p=1174"},"modified":"2026-04-27T08:36:43","modified_gmt":"2026-04-27T08:36:43","slug":"kapsules-su-fitoestrogenaiszuvytes","status":"publish","type":"product","link":"https:\/\/janssencosmetics.lt\/en\/produktas\/kapsules-su-fitoestrogenaiszuvytes\/","title":{"rendered":"Kapsul\u0117s su fitoestrogenais(&#8220;\u017euvyt\u0117s&#8221;), 50vnt"},"content":{"rendered":"<p>Inovatyvus sen\u0117jim\u0105 stabdantis produktas kapsuli\u0173 pavidalu. <span class=\"jCAhz ChMk0b\"><span class=\"ryNqvb\">Kapsul\u0117s yra atkurian\u010dios sen\u0117jim\u0105 stabdan\u010dios prie\u017ei\u016bros linijos perlas.<\/span><\/span> <span class=\"jCAhz ChMk0b\"><span class=\"ryNqvb\">Jie papildo serij\u0105 brand\u017eiai odai, kuriai reikia regeneracijos.<\/span><\/span><br \/>\nMomentinis poveikis: intensyviai dr\u0117kina, gerina elastingum\u0105 ir lygina od\u0105.<br \/>\nKaupamasis atjauninamasis poveikis: gerina odos tekst\u016br\u0105, ma\u017eina rauk\u0161li\u0173 atsiradim\u0105.<br \/>\nI\u0161lygina odos atspalv\u012f, \u0161viesina hiperpigmentacij\u0105 ir apsaugo nuo nauj\u0173 am\u017eiaus d\u0117mi\u0173 atsiradimo.<br \/>\nNeutralizuoja laisvuosius radikalus, suteikia stipr\u0173 antioksidacin\u012f poveik\u012f.<br \/>\nI\u0161 karto po naudojimo jau\u010diamas komfortas ir oda tampa pri\u017ei\u016br\u0117ta. Kapsul\u0117s viduje yra malonios \u0161ilkin\u0117s tekst\u016bros lipogelis, kuris u\u017etepus greitai \u012fsigeria ir akimirksniu pakei\u010dia od\u0105:\u00a0 lygina rauk\u0161les (64%), ma\u017eina rauk\u0161li\u0173 gyl\u012f (26%),gerina odos elastingum\u0105 (18%),suma\u017eina vandens praradim\u0105 (22%).Momentinis poveikis \u2013 matomai lygesn\u0117, stangresn\u0117 ir labiau pamaitinta oda.<br \/>\n<strong>Veiklieji komponentai:<\/strong> iriso ir sojos fitoestrogenai, hialurono r\u016bg\u0161tis,Centella Azijos ekstraktas, C12-15 alkilbenzoatas, izoheksadekanas, bisabololis, etilheksilo koatas, tokoferolis, raudonosios vilklig\u0117s ekstraktas, lecitinas, keramidas NP.<br \/>\n<strong>Naudojimas:<\/strong> naudoti ryte ir ir\/ ar vakare ant \u0161varaus veido prie\u0161 atitinkam\u0105 krem\u0105.Kapsul\u0117s yra sen\u0117jim\u0105 stabdan\u010dios prie\u017ei\u016bros linijos perlas &#8211; efektyvus,\u0161velnios \u0161ilkin\u0117s strukt\u016bros kompleksas su fitoestrogenais.<\/p>\n","protected":false},"excerpt":{"rendered":"<p>Efektyvus, \u0161velnios \u0161ilkin\u0117s strukt\u016bros kompleksas su fitoestrogenais ir ceramidais. \u0160is labai koncentruotas lipid\u0173 eliksyras suteikia momentinio gro\u017eio efekt\u0105 ir kaupiam\u0105j\u012f atjauninam\u0105j\u012f poveik\u012f.<\/p>\n","protected":false},"featured_media":1184,"template":"","meta":[],"product_cat":[39,117,30],"product_tag":[],"_links":{"self":[{"href":"https:\/\/janssencosmetics.lt\/en\/wp-json\/wp\/v2\/product\/1174"}],"collection":[{"href":"https:\/\/janssencosmetics.lt\/en\/wp-json\/wp\/v2\/product"}],"about":[{"href":"https:\/\/janssencosmetics.lt\/en\/wp-json\/wp\/v2\/types\/product"}],"wp:featuredmedia":[{"embeddable":true,"href":"https:\/\/janssencosmetics.lt\/en\/wp-json\/wp\/v2\/media\/1184"}],"wp:attachment":[{"href":"https:\/\/janssencosmetics.lt\/en\/wp-json\/wp\/v2\/media?parent=1174"}],"wp:term":[{"taxonomy":"product_cat","embeddable":true,"href":"https:\/\/janssencosmetics.lt\/en\/wp-json\/wp\/v2\/product_cat?post=1174"},{"taxonomy":"product_tag","embeddable":true,"href":"https:\/\/janssencosmetics.lt\/en\/wp-json\/wp\/v2\/product_tag?post=1174"}],"curies":[{"name":"wp","href":"https:\/\/api.w.org\/{rel}","templated":true}]}}