{"id":1165,"date":"2023-01-19T14:52:04","date_gmt":"2023-01-19T14:52:04","guid":{"rendered":"https:\/\/janssencosmetics.lt\/?post_type=product&#038;p=1165"},"modified":"2026-03-23T19:33:38","modified_gmt":"2026-03-23T19:33:38","slug":"regenuojantis-paakiu-kremas","status":"publish","type":"product","link":"https:\/\/janssencosmetics.lt\/en\/produktas\/regenuojantis-paakiu-kremas\/","title":{"rendered":"Regenuojantis paaki\u0173 kremas, 15ml"},"content":{"rendered":"<p>Stipr\u0173 poveik\u012f turintis ekstraktas r\u016bpinasi \u012fvairiapuse odos regeneracija, lygina j\u0105 ir ma\u017eina nuovargio ir streso p\u0117dsakus. Be to, \u0161is \u0161velnus kompleksas ma\u017eina paaki\u0173 patams\u0117jim\u0105 ir patinim\u0105 ir padeda stabilizuoti kraujagysli\u0173 sieneles. Optinis difuzorius i\u0161sklaido \u0161vies\u0105.<br \/>\n<strong>Veiklieji komponentai:<\/strong> CRC (Cellular Regeneration Complex), raudonojo dobilo ekstraktas, Kombucha: fermentuota juoda arbata, trumpas ir ilgas grandin\u0117s hialurono r\u016bg\u0161tis, labai aktyvus augalinis kompleksas, Alfa-bisabololis, makadamijos rie\u0161ut\u0173 aliejus, kupuasu aliejus, Vitaminas E acetatas.<br \/>\n<strong>Naudojimas:<\/strong> \u0161velniais tap\u0161nojimo judesiais ryt\u0105 ir vakar\u0105 tepti nuvalyt\u0105 paaki\u0173 zonos od\u0105. Puikus paaki\u0173 makia\u017eo pagrindas.<\/p>\n","protected":false},"excerpt":{"rendered":"<p>Itin veiksmingas paaki\u0173 kremas brand\u017eiai odai su l\u0105steles regeneruojan\u010diu kompleksu i\u0161 raudon\u0173j\u0173 dobil\u0173 ekstrakto ir kombu\u010dos.<\/p>\n","protected":false},"featured_media":1170,"template":"","meta":[],"product_cat":[30],"product_tag":[],"_links":{"self":[{"href":"https:\/\/janssencosmetics.lt\/en\/wp-json\/wp\/v2\/product\/1165"}],"collection":[{"href":"https:\/\/janssencosmetics.lt\/en\/wp-json\/wp\/v2\/product"}],"about":[{"href":"https:\/\/janssencosmetics.lt\/en\/wp-json\/wp\/v2\/types\/product"}],"wp:featuredmedia":[{"embeddable":true,"href":"https:\/\/janssencosmetics.lt\/en\/wp-json\/wp\/v2\/media\/1170"}],"wp:attachment":[{"href":"https:\/\/janssencosmetics.lt\/en\/wp-json\/wp\/v2\/media?parent=1165"}],"wp:term":[{"taxonomy":"product_cat","embeddable":true,"href":"https:\/\/janssencosmetics.lt\/en\/wp-json\/wp\/v2\/product_cat?post=1165"},{"taxonomy":"product_tag","embeddable":true,"href":"https:\/\/janssencosmetics.lt\/en\/wp-json\/wp\/v2\/product_tag?post=1165"}],"curies":[{"name":"wp","href":"https:\/\/api.w.org\/{rel}","templated":true}]}}