{"id":1148,"date":"2023-01-18T14:02:28","date_gmt":"2023-01-18T14:02:28","guid":{"rendered":"https:\/\/janssencosmetics.lt\/?post_type=product&#038;p=1148"},"modified":"2024-08-16T11:19:01","modified_gmt":"2024-08-16T11:19:01","slug":"naktinis-atstotamasis-serumas","status":"publish","type":"product","link":"https:\/\/janssencosmetics.lt\/en\/produktas\/naktinis-atstotamasis-serumas\/","title":{"rendered":"Naktinis atstotamasis serumas, 30ml"},"content":{"rendered":"<p>Stipr\u0173 poveik\u012f turintis l\u0105steles regeneruojantis kompleksas r\u016bpinasi \u012fvairiapuse odos regeneracija, lygina ir gerina jos spindes\u012f. \u0160ilkini\u0173 akacij\u0173 ekstraktas ma\u017eina nuovargio p\u0117dsakus.<br \/>\n<strong>Veiklieji komponentai:<\/strong> CRC (Cellular Regeneration Complex), raudonojo dobilo ekstraktas, Kombucha: fermentuota juoda arbata, \u0161ilko akacijos ekstraktas, Alpi\u0173 ro\u017ei\u0173 kamienin\u0117s l\u0105stel\u0117s, trumpas ir ilgas grandin\u0117s hialurono r\u016bg\u0161tis.<br \/>\n<strong>Naudojimas:<\/strong> Kiekviena vakar\u0105 tepti od\u0105 prie\u0161 naudojant krem\u0105<strong>. \u00a0<\/strong><\/p>\n","protected":false},"excerpt":{"rendered":"<p>Veikli\u0173j\u0173 med\u017eiag\u0173 serumas, skirtas palaikyti brand\u017eios odos regeneracij\u0105 nakties metu.<\/p>\n","protected":false},"featured_media":1157,"template":"","meta":[],"product_cat":[117,30],"product_tag":[],"_links":{"self":[{"href":"https:\/\/janssencosmetics.lt\/en\/wp-json\/wp\/v2\/product\/1148"}],"collection":[{"href":"https:\/\/janssencosmetics.lt\/en\/wp-json\/wp\/v2\/product"}],"about":[{"href":"https:\/\/janssencosmetics.lt\/en\/wp-json\/wp\/v2\/types\/product"}],"wp:featuredmedia":[{"embeddable":true,"href":"https:\/\/janssencosmetics.lt\/en\/wp-json\/wp\/v2\/media\/1157"}],"wp:attachment":[{"href":"https:\/\/janssencosmetics.lt\/en\/wp-json\/wp\/v2\/media?parent=1148"}],"wp:term":[{"taxonomy":"product_cat","embeddable":true,"href":"https:\/\/janssencosmetics.lt\/en\/wp-json\/wp\/v2\/product_cat?post=1148"},{"taxonomy":"product_tag","embeddable":true,"href":"https:\/\/janssencosmetics.lt\/en\/wp-json\/wp\/v2\/product_tag?post=1148"}],"curies":[{"name":"wp","href":"https:\/\/api.w.org\/{rel}","templated":true}]}}