{"id":1122,"date":"2023-01-17T15:26:04","date_gmt":"2023-01-17T15:26:04","guid":{"rendered":"https:\/\/janssencosmetics.lt\/?post_type=product&#038;p=1122"},"modified":"2026-02-12T13:18:16","modified_gmt":"2026-02-12T13:18:16","slug":"jauninantis-serumas","status":"publish","type":"product","link":"https:\/\/janssencosmetics.lt\/en\/produktas\/jauninantis-serumas\/","title":{"rendered":"Jauninantis serumas, 30ml"},"content":{"rendered":"<p>Age Perfecting serumas su l\u0105steli\u0173 regeneracijos kompleksu puikiai papildo brand\u017eios odos linij\u0105 (Mature Skin).<br \/>\nAktyv\u016bs Cellular Regeneration Complex (sutrumpintai CRC) komponentai u\u017etikrina visapusi\u0161k\u0105 brand\u017eios odos regeneracij\u0105 ir stiprina jos strukt\u016br\u0105.<br \/>\n<strong>Veiklieji komponentai:<\/strong> CRC(Cellular Regeneration Complex), hialurono r\u016bg\u0161tis,vitaminas C fosfatas, vitaminas E acetatas, fermentuota juoda arbata Kombucha, Alpi\u0173 ro\u017ei\u0173 kamienin\u0117s l\u0105stel\u0117s.<br \/>\n<strong>Naudojimas:<\/strong> Tepti ryt\u0105 ir\/arba vakar\u0105 ant nuvalytos odos, ant vir\u0161aus tepamas Mature Skin kremas.<\/p>\n","protected":false},"excerpt":{"rendered":"<p>Stipriai koncentruotas serumas turi lengv\u0105 tekst\u016br\u0105, padidina odos tonus\u0105 ir turgor\u0105. I\u0161lygina rauk\u0161les ir akivaizd\u017eiai pagerina odos strukt\u016br\u0105.<\/p>\n","protected":false},"featured_media":1756,"template":"","meta":[],"product_cat":[30],"product_tag":[],"_links":{"self":[{"href":"https:\/\/janssencosmetics.lt\/en\/wp-json\/wp\/v2\/product\/1122"}],"collection":[{"href":"https:\/\/janssencosmetics.lt\/en\/wp-json\/wp\/v2\/product"}],"about":[{"href":"https:\/\/janssencosmetics.lt\/en\/wp-json\/wp\/v2\/types\/product"}],"wp:featuredmedia":[{"embeddable":true,"href":"https:\/\/janssencosmetics.lt\/en\/wp-json\/wp\/v2\/media\/1756"}],"wp:attachment":[{"href":"https:\/\/janssencosmetics.lt\/en\/wp-json\/wp\/v2\/media?parent=1122"}],"wp:term":[{"taxonomy":"product_cat","embeddable":true,"href":"https:\/\/janssencosmetics.lt\/en\/wp-json\/wp\/v2\/product_cat?post=1122"},{"taxonomy":"product_tag","embeddable":true,"href":"https:\/\/janssencosmetics.lt\/en\/wp-json\/wp\/v2\/product_tag?post=1122"}],"curies":[{"name":"wp","href":"https:\/\/api.w.org\/{rel}","templated":true}]}}