{"id":1096,"date":"2023-01-13T08:58:49","date_gmt":"2023-01-13T08:58:49","guid":{"rendered":"https:\/\/janssencosmetics.lt\/?post_type=product&#038;p=1096"},"modified":"2026-04-26T05:33:27","modified_gmt":"2026-04-26T05:33:27","slug":"lifting-kremas-su-cellular-regeneration-kompleksu","status":"publish","type":"product","link":"https:\/\/janssencosmetics.lt\/en\/produktas\/lifting-kremas-su-cellular-regeneration-kompleksu\/","title":{"rendered":"Lifting kremas su cellular regeneration kompleksu, 50ml"},"content":{"rendered":"<p>Stipr\u0173 poveik\u012f turintis kompleksas r\u016bpinasi \u012fvairiapuse odos regeneracija,lygina j\u0105 ir suteikia spindes\u012f. Trump\u0173j\u0173 ir ilg\u0173j\u0173 grand\u017ei\u0173 hialurono r\u016bg\u0161tis sulaiko dr\u0117gm\u0119, tod\u0117l oda akimirksniu\u00a0atrodo stangresn\u0117.<br \/>\n<strong>Veiklieji komponentai: <\/strong>CRC (Cellular Regeneration Complex): raudonojo dobilo ekstraktas, fermentuota juoda arbata Kombucha, vitaminas A palmitatas, trumpas ir ilgas grandin\u0117s hialurono r\u016bg\u0161tis, invertuotas cukrus, skvalenas, makadamijos rie\u0161ut\u0173 aliejus.<br \/>\n<strong>Naudojimas: <\/strong>tepti ryte ir\/ar vakare. Tobulai tinka naudoti kaip makia\u017eo pagrind\u0105. Svarbu: apsaugai nuo UV &#8211; spinduli\u0173 po Perfect Lifting Cream naudokite super lengv\u0105 emulsij\u0105 Face Guard Advanced.<\/p>\n","protected":false},"excerpt":{"rendered":"<p>Brand\u017ei\u0105 od\u0105 i\u0161lyginantis ir jos sen\u0117jim\u0105 stabdantis kremas su l\u0105steles\u00a0regeneruojan\u010diu kompleksu i\u0161 raudon\u0173j\u0173 dobil\u0173 ekstrakto ir kombu\u010dos.<\/p>\n","protected":false},"featured_media":1097,"template":"","meta":[],"product_cat":[30,24],"product_tag":[],"_links":{"self":[{"href":"https:\/\/janssencosmetics.lt\/en\/wp-json\/wp\/v2\/product\/1096"}],"collection":[{"href":"https:\/\/janssencosmetics.lt\/en\/wp-json\/wp\/v2\/product"}],"about":[{"href":"https:\/\/janssencosmetics.lt\/en\/wp-json\/wp\/v2\/types\/product"}],"wp:featuredmedia":[{"embeddable":true,"href":"https:\/\/janssencosmetics.lt\/en\/wp-json\/wp\/v2\/media\/1097"}],"wp:attachment":[{"href":"https:\/\/janssencosmetics.lt\/en\/wp-json\/wp\/v2\/media?parent=1096"}],"wp:term":[{"taxonomy":"product_cat","embeddable":true,"href":"https:\/\/janssencosmetics.lt\/en\/wp-json\/wp\/v2\/product_cat?post=1096"},{"taxonomy":"product_tag","embeddable":true,"href":"https:\/\/janssencosmetics.lt\/en\/wp-json\/wp\/v2\/product_tag?post=1096"}],"curies":[{"name":"wp","href":"https:\/\/api.w.org\/{rel}","templated":true}]}}