{"id":1091,"date":"2023-01-12T14:12:27","date_gmt":"2023-01-12T14:12:27","guid":{"rendered":"https:\/\/janssencosmetics.lt\/?post_type=product&#038;p=1091"},"modified":"2024-08-16T11:21:09","modified_gmt":"2024-08-16T11:21:09","slug":"gelinis-enziminis-pilingas","status":"publish","type":"product","link":"https:\/\/janssencosmetics.lt\/en\/produktas\/gelinis-enziminis-pilingas\/","title":{"rendered":"Gelinis enziminis pilingas, 50ml"},"content":{"rendered":"<p>\u0160veitiklio sud\u0117tyje yra itin aktyviai\u00a0veikian\u010di\u0173 enzim\u0173. Jis i\u0161tirpina ry\u0161ius tarp negyv\u0173 l\u0105steli\u0173, pana\u0161i\u0173 \u012f odos fermentus, tuo\u00a0 pa\u010di\u0173 imituoja nat\u016bral\u0173 metabolin\u012f proces\u0105. Kruop\u0161\u010diai atrinktos veikliosios med\u017eiagos veikia\u00a0gilesniuose odos sluoksniuose, stimuliuoja l\u0105steli\u0173 aktyvum\u0105. \u0160ios prie\u017ei\u016bros sistema stiprina odos strukt\u016br\u0105 ir atstato odos \u0161vyt\u0117jim\u0105, lygina rauk\u0161les, atstato odos elastingum\u0105 ir stangrum\u0105. Atkuria lipid\u0173 balans\u0105 ir stiprina jo nat\u016bralias apsaugines funkcijas. Biocheminis \u00a0eksfoliacijos metodas skatina l\u0105steli\u0173 regeneracij\u0105, palengvina greit\u0105 odos atsinaujinim\u0105 ir rauk\u0161li\u0173 lyginim\u0105. Fermentinis exfoliant yra be abrazyvini\u0173 daleli\u0173.<br \/>\n<strong>Veiklieji komponentai: <\/strong>subtilizinas: biotechnologi\u0161kai i\u0161gautas enzimas, suardo odos pavir\u0161iuje esan\u010di\u0173 surag\u0117jusi\u0173 l\u0105steli\u0173 baltym\u0173 jungtis, skatina pavir\u0161inio odos sluoksnio l\u0105steli\u0173 nusisluoksniavim\u0105.<br \/>\n<strong>Naudojimas: <\/strong>vien\u0105 arba du kartus per savait\u0119 vakare \u0161veitiklio u\u017etepti ant nuvalytos odos.<\/p>\n","protected":false},"excerpt":{"rendered":"<p>Enziminis veido pilingas greitai susigeria, \u0161velniai pa\u0161alina surag\u0117jusias odos l\u0105steles,i\u0161lygina ir atnaujina od\u0105. Puikiai paruo\u0161ia od\u0105 intensyviai prie\u017ei\u016brai.<\/p>\n","protected":false},"featured_media":1094,"template":"","meta":[],"product_cat":[30],"product_tag":[],"_links":{"self":[{"href":"https:\/\/janssencosmetics.lt\/en\/wp-json\/wp\/v2\/product\/1091"}],"collection":[{"href":"https:\/\/janssencosmetics.lt\/en\/wp-json\/wp\/v2\/product"}],"about":[{"href":"https:\/\/janssencosmetics.lt\/en\/wp-json\/wp\/v2\/types\/product"}],"wp:featuredmedia":[{"embeddable":true,"href":"https:\/\/janssencosmetics.lt\/en\/wp-json\/wp\/v2\/media\/1094"}],"wp:attachment":[{"href":"https:\/\/janssencosmetics.lt\/en\/wp-json\/wp\/v2\/media?parent=1091"}],"wp:term":[{"taxonomy":"product_cat","embeddable":true,"href":"https:\/\/janssencosmetics.lt\/en\/wp-json\/wp\/v2\/product_cat?post=1091"},{"taxonomy":"product_tag","embeddable":true,"href":"https:\/\/janssencosmetics.lt\/en\/wp-json\/wp\/v2\/product_tag?post=1091"}],"curies":[{"name":"wp","href":"https:\/\/api.w.org\/{rel}","templated":true}]}}