{"id":1088,"date":"2023-01-12T13:44:22","date_gmt":"2023-01-12T13:44:22","guid":{"rendered":"https:\/\/janssencosmetics.lt\/?post_type=product&#038;p=1088"},"modified":"2026-03-19T15:10:33","modified_gmt":"2026-03-19T15:10:33","slug":"1088","status":"publish","type":"product","link":"https:\/\/janssencosmetics.lt\/en\/produktas\/1088\/","title":{"rendered":"Prausiklis su 100% nat\u016braliais aliejais, 100ml"},"content":{"rendered":"<p>Greitai, \u0161velniai ir efektyviai pa\u0161alina makia\u017e\u0105 ir ne\u0161varumus i\u0161 odos, r\u016bpinasi oda d\u0117ka verting\u0173 nat\u016brali\u0173 aliej\u0173. Tarp j\u0173\u00a0 Gold of Pleasure Oil (camelina aliejus), kuriame gausu nepakei\u010diam\u0173j\u0173 Omega-3 ir\u00a0 Omega-6 riebal\u0173 r\u016bg\u0161\u010di\u0173, kurios puikiai dr\u0117kina, maitina, mink\u0161tina ir lygina od\u0105. Medetk\u0173 ekstraktas mal\u0161ina sudirginim\u0105 ir ramina. D\u0117l hidrofilin\u0117s formul\u0117s aliejus lengvai pa\u0161alina net vandeniui atspar\u0173 makia\u017e\u0105 ir pats lengvai nuplaunamas vandeniu. Maitina, mink\u0161tina ir suteikia odai elastingumo. Idealiai tinka jautriai, sausai ir brand\u017eiai odai. Pa\u0161alina sudirginim\u0105, pleiskanojim\u0105, odos tempimo poj\u016bt\u012f ir sugr\u0105\u017eina komforto jausm\u0105 net ir\u00a0jautriausios odos tur\u0117tojams. Ypa\u010d \u0161velnus kvapas.\u00a0 Be konservant\u0173, gerai toleruojamas.<br \/>\n<strong>Veiklieji komponentai: <\/strong>Camelina sativa aliejus (Camelina sativa): Riebaluose tirpus medetk\u0173 ekstraktas: sud\u0117tyje yra lipofilini\u0173 ingredient\u0173 ir veikli\u0173j\u0173 medetk\u0173 \u017eied\u0173 med\u017eiag\u0173 (flavonoid\u0173, karotinoid\u0173). Glicerino ir kokos\u0173 aliejaus riebal\u0173 r\u016bg\u0161\u010di\u0173 esteris: hidrofilinis augalinis aliejus;<br \/>\n<strong>Naudojimas:<\/strong> i\u0161tepkite od\u0105 prausikliu, pamasa\u017euokite ir nuskalaukite vandeniu.<\/p>\n<p><strong>Galiojimo laikas:<\/strong> 2026.11<\/p>\n","protected":false},"excerpt":{"rendered":"<p>Prabangus prausimosi aliejus, kurio sud\u0117tyje yra 100% nat\u016brali\u0173 aliej\u0173, kalendros ekstrakto ir speciali\u0173 valymo ingredient\u0173.<\/p>\n","protected":false},"featured_media":1089,"template":"","meta":[],"product_cat":[30],"product_tag":[],"_links":{"self":[{"href":"https:\/\/janssencosmetics.lt\/en\/wp-json\/wp\/v2\/product\/1088"}],"collection":[{"href":"https:\/\/janssencosmetics.lt\/en\/wp-json\/wp\/v2\/product"}],"about":[{"href":"https:\/\/janssencosmetics.lt\/en\/wp-json\/wp\/v2\/types\/product"}],"wp:featuredmedia":[{"embeddable":true,"href":"https:\/\/janssencosmetics.lt\/en\/wp-json\/wp\/v2\/media\/1089"}],"wp:attachment":[{"href":"https:\/\/janssencosmetics.lt\/en\/wp-json\/wp\/v2\/media?parent=1088"}],"wp:term":[{"taxonomy":"product_cat","embeddable":true,"href":"https:\/\/janssencosmetics.lt\/en\/wp-json\/wp\/v2\/product_cat?post=1088"},{"taxonomy":"product_tag","embeddable":true,"href":"https:\/\/janssencosmetics.lt\/en\/wp-json\/wp\/v2\/product_tag?post=1088"}],"curies":[{"name":"wp","href":"https:\/\/api.w.org\/{rel}","templated":true}]}}