{"id":1084,"date":"2023-01-12T09:29:49","date_gmt":"2023-01-12T09:29:49","guid":{"rendered":"https:\/\/janssencosmetics.lt\/?post_type=product&#038;p=1084"},"modified":"2024-08-16T11:21:47","modified_gmt":"2024-08-16T11:21:47","slug":"micelinis-tonikas","status":"publish","type":"product","link":"https:\/\/janssencosmetics.lt\/en\/produktas\/micelinis-tonikas\/","title":{"rendered":"Micelinis tonikas, 200ml"},"content":{"rendered":"<p>Micel\u0117s tarsi magnetas pritraukia purv\u0105 bei riebal\u0173 pertekli\u0173. Sacharid\u0173 izomerai ir hialurono r\u016bg\u0161tis sulaiko dr\u0117gm\u0119 ir priduoda odai gaivumo. Suteikia brand\u017eiai odai komforto ir \u0161vie\u017eumo jausm\u0105. Pagerina tolesnio prie\u017ei\u016bros aktyvi\u0173 komponent\u0173 \u012fsiskverbim\u0105. Sud\u0117tyje n\u0117ra alkoholio.<br \/>\n<strong>Veiklieji komponentai:<\/strong> Sacharidas izomeratas (organinis augal\u0173 cukrus), ilgos grandin\u0117s hialurono r\u016bg\u0161tis.<br \/>\n<strong>Naudojimas:<\/strong> ryt\u0105 ir vakar\u0105 po odos valymo sudr\u0117kinti toniku vatos tampon\u0105 ir \u0161velniai nuvalyti veido, kaklo ir i\u0161kirpt\u0117s zonos od\u0105. Panaudojus valom\u0105j\u012f balzam\u0105, brandi oda bus optimaliai paruo\u0161ta tolesnei prie\u017ei\u016brai.<\/p>\n","protected":false},"excerpt":{"rendered":"<p>Tonikas puikiai pa\u0161alina ne\u0161varumus bei valiklio liku\u010dius. Dr\u0117kina,tonizuoja, atkuria odos pH.<\/p>\n","protected":false},"featured_media":1085,"template":"","meta":[],"product_cat":[30],"product_tag":[],"_links":{"self":[{"href":"https:\/\/janssencosmetics.lt\/en\/wp-json\/wp\/v2\/product\/1084"}],"collection":[{"href":"https:\/\/janssencosmetics.lt\/en\/wp-json\/wp\/v2\/product"}],"about":[{"href":"https:\/\/janssencosmetics.lt\/en\/wp-json\/wp\/v2\/types\/product"}],"wp:featuredmedia":[{"embeddable":true,"href":"https:\/\/janssencosmetics.lt\/en\/wp-json\/wp\/v2\/media\/1085"}],"wp:attachment":[{"href":"https:\/\/janssencosmetics.lt\/en\/wp-json\/wp\/v2\/media?parent=1084"}],"wp:term":[{"taxonomy":"product_cat","embeddable":true,"href":"https:\/\/janssencosmetics.lt\/en\/wp-json\/wp\/v2\/product_cat?post=1084"},{"taxonomy":"product_tag","embeddable":true,"href":"https:\/\/janssencosmetics.lt\/en\/wp-json\/wp\/v2\/product_tag?post=1084"}],"curies":[{"name":"wp","href":"https:\/\/api.w.org\/{rel}","templated":true}]}}