{"id":1081,"date":"2023-01-12T09:19:51","date_gmt":"2023-01-12T09:19:51","guid":{"rendered":"https:\/\/janssencosmetics.lt\/?post_type=product&#038;p=1081"},"modified":"2026-01-19T14:49:47","modified_gmt":"2026-01-19T14:49:47","slug":"daugiafunkcine-valomoji-priemone","status":"publish","type":"product","link":"https:\/\/janssencosmetics.lt\/en\/produktas\/daugiafunkcine-valomoji-priemone\/","title":{"rendered":"Daugiafunkcin\u0117 valomoji priemon\u0117, 50ml"},"content":{"rendered":"<p>Balzamas \u0161velniai ir kruop\u0161\u010diai pa\u0161alina makia\u017e\u0105, riebal\u0173 pertekli\u0173 ir ne\u0161varumus tuo pa\u010diu metu gerai maitina od\u0105. Subtilaus aromato balzamas stiprina barjerin\u0119 odos funkcij\u0105 ir apsaugo j\u0105 nuo i\u0161saus\u0117jimo. \u0160i priemon\u0117 tinka vis\u0173 tip\u0173 odai, \u012fskaitant labai jautri\u0105 od\u0105. Multi Action Cleansing Balm daro J\u016bs\u0173 od\u0105 nuostabiai \u0161velni bei mink\u0161ta, paruo\u0161ia tolimesnei prie\u017eiurai.<br \/>\n<strong>Veiklieji komponentai:<\/strong> murumuru aliejus, abrikos\u0173 aliejus, vakaro primrose aliejus, avie\u010di\u0173 lap\u0173 kamienini\u0173 l\u0105steli\u0173 ekstraktas, vitaminas E.<br \/>\n<strong>Naudojimas:<\/strong> Kaip valomoji priemon\u0119: U\u017etepkite ir \u0161velniai \u012fmasa\u017euokite \u012f saus\u0105 veido od\u0105, kakl\u0105 ir dekolt\u0119 pa\u0161alinti makia\u017eui. Sudr\u0117kinkite pir\u0161tus ir masa\u017euokite od\u0105 v\u0117l. Galiausiai nuplaukite \u0161iltu vandeniu. Kaip kauk\u0119: Paskirstykite balzam\u0105 ant \u0161varios veido odos, vengiant aki\u0173 ir l\u016bp\u0173 sri\u010di\u0173 ir palikite 5-10 minu\u010di\u0173. Pra\u0117jus laikui, \u012fmasa\u017euokite balzam\u0105 sukamaisiais judesiais, tada kruop\u0161\u010diai nuplaukite \u0161iltu vandeniu. Galima kauk\u0119 palikti ir nak\u010diai, balzamo perteklius pa\u0161alinkite nuo odos \u0161velniai priglausdamos saus\u0105 servet\u0117l\u0119 ir palikite iki ryto. Ryte kruop\u0161\u010diai nuplaukite \u0161iltu vandeniu. Kaip SOS balzamas: \u017diemos metu jei turite labai saus\u0105 jautri\u0105 od\u0105, paskirstykite balzam\u0105 lokaliai ant labiausiai i\u0161saus\u0117jusi\u0173 veido sri\u010di\u0173 ir \u0161velniai \u012fmasa\u017euokite \u012f od\u0105. Balzamo pertekli\u0173 pa\u0161alinkite mink\u0161ta servet\u0117le.<\/p>\n","protected":false},"excerpt":{"rendered":"<p>Priemon\u0117 apjungia savyje keturias variantus naudojimo viename: gali b\u016bti naudojamas kaip valomasis balzamas, makia\u017eo nu\u0117m\u0117jas, dr\u0117kinamoji kauk\u0117 bei kaip SOS balzamas labai sausai odai.<\/p>\n","protected":false},"featured_media":1082,"template":"","meta":[],"product_cat":[30,24],"product_tag":[],"_links":{"self":[{"href":"https:\/\/janssencosmetics.lt\/en\/wp-json\/wp\/v2\/product\/1081"}],"collection":[{"href":"https:\/\/janssencosmetics.lt\/en\/wp-json\/wp\/v2\/product"}],"about":[{"href":"https:\/\/janssencosmetics.lt\/en\/wp-json\/wp\/v2\/types\/product"}],"wp:featuredmedia":[{"embeddable":true,"href":"https:\/\/janssencosmetics.lt\/en\/wp-json\/wp\/v2\/media\/1082"}],"wp:attachment":[{"href":"https:\/\/janssencosmetics.lt\/en\/wp-json\/wp\/v2\/media?parent=1081"}],"wp:term":[{"taxonomy":"product_cat","embeddable":true,"href":"https:\/\/janssencosmetics.lt\/en\/wp-json\/wp\/v2\/product_cat?post=1081"},{"taxonomy":"product_tag","embeddable":true,"href":"https:\/\/janssencosmetics.lt\/en\/wp-json\/wp\/v2\/product_tag?post=1081"}],"curies":[{"name":"wp","href":"https:\/\/api.w.org\/{rel}","templated":true}]}}