{"id":1077,"date":"2023-01-12T09:01:03","date_gmt":"2023-01-12T09:01:03","guid":{"rendered":"https:\/\/janssencosmetics.lt\/?post_type=product&#038;p=1077"},"modified":"2025-08-08T08:30:04","modified_gmt":"2025-08-08T08:30:04","slug":"lengvos-teksturos-apsauga-nuo-saules-spf-30","status":"publish","type":"product","link":"https:\/\/janssencosmetics.lt\/en\/produktas\/lengvos-teksturos-apsauga-nuo-saules-spf-30\/","title":{"rendered":"Lengvos tekst\u016bros apsauga nuo saul\u0117s SPF-30, 30ml"},"content":{"rendered":"<p>Face guard Advanced efektyviai saugo nuo saul\u0117s \u012ftakojamo, fotosen\u0117jimo. Apsaugo odos l\u0105steles ne tik nuo UVA ir UVB spinduli\u0173, bet ir nuo\u00a0 infraraudon\u0173j\u0173 spinduli\u0173. Reguliariai naudojant, priemon\u0117 ma\u017eina pigmentini\u0173 d\u0117mi\u0173 ri\u0161kum\u0105.\u00a0 Apsaugo nuo nauj\u0173 pigmentini\u0173\u00a0 d\u0117mi\u0173 atsiradimo. Suteikia odai gaivumo, i\u0161lygina veido spalv\u0105. Ma\u017eina sausumo sukeltas rauk\u0161les. Lygina odos mikroreljef\u0105.<br \/>\n<strong>Veiklieji komponentai: <\/strong>mikronizuotas titano dioksidas, \u0161viesai atspar\u016bs UVA ir UVB filtrai, ektoinas.<br \/>\n<strong>Naudojimas: <\/strong>tolygiai paskirstykite ant nuvalytos odos ryte kas kart\u0105 prie\u0161 tepdama dienin\u012f krem\u0105.<\/p>\n","protected":false},"excerpt":{"rendered":"<p>Lengv\u0105 baz\u0117 apsauganti nuo saul\u0117s su SPF 30, UVA, UVB- bei IR-apsauga, tinka vis\u0173 tip\u0173 odai ir puikiai derinama su bet kokiu dieniniu kremu.<\/p>\n","protected":false},"featured_media":1078,"template":"","meta":[],"product_cat":[34,40,24],"product_tag":[],"_links":{"self":[{"href":"https:\/\/janssencosmetics.lt\/en\/wp-json\/wp\/v2\/product\/1077"}],"collection":[{"href":"https:\/\/janssencosmetics.lt\/en\/wp-json\/wp\/v2\/product"}],"about":[{"href":"https:\/\/janssencosmetics.lt\/en\/wp-json\/wp\/v2\/types\/product"}],"wp:featuredmedia":[{"embeddable":true,"href":"https:\/\/janssencosmetics.lt\/en\/wp-json\/wp\/v2\/media\/1078"}],"wp:attachment":[{"href":"https:\/\/janssencosmetics.lt\/en\/wp-json\/wp\/v2\/media?parent=1077"}],"wp:term":[{"taxonomy":"product_cat","embeddable":true,"href":"https:\/\/janssencosmetics.lt\/en\/wp-json\/wp\/v2\/product_cat?post=1077"},{"taxonomy":"product_tag","embeddable":true,"href":"https:\/\/janssencosmetics.lt\/en\/wp-json\/wp\/v2\/product_tag?post=1077"}],"curies":[{"name":"wp","href":"https:\/\/api.w.org\/{rel}","templated":true}]}}