{"id":1069,"date":"2023-01-12T08:17:12","date_gmt":"2023-01-12T08:17:12","guid":{"rendered":"https:\/\/janssencosmetics.lt\/?post_type=product&#038;p=1069"},"modified":"2025-12-18T08:53:00","modified_gmt":"2025-12-18T08:53:00","slug":"kremas-nuo-randu","status":"publish","type":"product","link":"https:\/\/janssencosmetics.lt\/en\/produktas\/kremas-nuo-randu\/","title":{"rendered":"Kremas nuo rand\u0173, 75ml"},"content":{"rendered":"<p>Vertingomis med\u017eiagomis papildytas \u017eoleli\u0173 kremas, skatinantis rand\u0173 gijim\u0105. Skatina jungiamojo audinio pluo\u0161t\u0173 regeneracij\u0105 ir odos jungiamojo audinio u\u017epildo strukt\u016brinius poky\u010dius. Mink\u0161tina od\u0105 ir suteikia geresn\u012f veikli\u0173j\u0173 ingredient\u0173 prasiskverbim\u0105.<br \/>\n<strong>Veiklieji komponentai:<\/strong> siegesbeckia orientalis ekstraktas, Vitaminai C ir E, mang\u0173 s\u0117kl\u0173 aliejus.<br \/>\n<strong>Naudojimas:<\/strong> po odos nuvalymo ir tonizavimo, \u012fmasa\u017euoti krem\u0105 \u012f rand\u0173 pa\u017eeist\u0105 od\u0105.<\/p>\n","protected":false},"excerpt":{"rendered":"<p>Kremas skirtas rand\u0173 gydymui.<\/p>\n","protected":false},"featured_media":1075,"template":"","meta":[],"product_cat":[34,62],"product_tag":[],"_links":{"self":[{"href":"https:\/\/janssencosmetics.lt\/en\/wp-json\/wp\/v2\/product\/1069"}],"collection":[{"href":"https:\/\/janssencosmetics.lt\/en\/wp-json\/wp\/v2\/product"}],"about":[{"href":"https:\/\/janssencosmetics.lt\/en\/wp-json\/wp\/v2\/types\/product"}],"wp:featuredmedia":[{"embeddable":true,"href":"https:\/\/janssencosmetics.lt\/en\/wp-json\/wp\/v2\/media\/1075"}],"wp:attachment":[{"href":"https:\/\/janssencosmetics.lt\/en\/wp-json\/wp\/v2\/media?parent=1069"}],"wp:term":[{"taxonomy":"product_cat","embeddable":true,"href":"https:\/\/janssencosmetics.lt\/en\/wp-json\/wp\/v2\/product_cat?post=1069"},{"taxonomy":"product_tag","embeddable":true,"href":"https:\/\/janssencosmetics.lt\/en\/wp-json\/wp\/v2\/product_tag?post=1069"}],"curies":[{"name":"wp","href":"https:\/\/api.w.org\/{rel}","templated":true}]}}