{"id":1045,"date":"2023-01-10T13:32:07","date_gmt":"2023-01-10T13:32:07","guid":{"rendered":"https:\/\/janssencosmetics.lt\/?post_type=product&#038;p=1045"},"modified":"2025-12-16T10:53:25","modified_gmt":"2025-12-16T10:53:25","slug":"regeneruojantis-balzamas","status":"publish","type":"product","link":"https:\/\/janssencosmetics.lt\/en\/produktas\/regeneruojantis-balzamas\/","title":{"rendered":"Regeneruojantis balzamas, 75ml"},"content":{"rendered":"<p>Balzamas lengvai \u012fsigeria \u012f od\u0105, v\u0117sina, ma\u017eina u\u017edegim\u0105, stiprina kraujagysles bei stimuliuoja epidermio regeneracij\u0105 per trump\u0105 laik\u0105.<br \/>\n<strong>Veiklieji komponentai: <\/strong>medetkos, ka\u0161tonas, e\u017eiuol\u0117, bisabololis, levand\u0173 eterinis aliejus, pantenolis, hidrolizuoti mieli\u0173 baltymai, dr\u0117kinamasis kompleksas.<strong><br \/>\n<\/strong><strong>Naudojimas: <\/strong>tepti balzam\u0105 ant paveiktos odos esant reikalui, ne ma\u017eiau 2 kart\u0173 per dien\u0105 (ryte ir vakare).<strong> \u00a0\u00a0\u00a0\u00a0\u00a0\u00a0\u00a0\u00a0\u00a0\u00a0\u00a0\u00a0\u00a0\u00a0\u00a0\u00a0\u00a0\u00a0\u00a0\u00a0\u00a0\u00a0\u00a0\u00a0\u00a0\u00a0\u00a0\u00a0\u00a0\u00a0\u00a0\u00a0\u00a0\u00a0\u00a0\u00a0\u00a0\u00a0\u00a0\u00a0\u00a0\u00a0\u00a0\u00a0\u00a0\u00a0\u00a0\u00a0\u00a0\u00a0\u00a0\u00a0\u00a0\u00a0\u00a0\u00a0\u00a0\u00a0\u00a0\u00a0\u00a0\u00a0\u00a0\u00a0\u00a0\u00a0\u00a0\u00a0\u00a0\u00a0\u00a0\u00a0\u00a0\u00a0\u00a0\u00a0\u00a0\u00a0\u00a0\u00a0\u00a0\u00a0\u00a0\u00a0\u00a0\u00a0\u00a0\u00a0\u00a0\u00a0\u00a0\u00a0\u00a0\u00a0\u00a0\u00a0\u00a0\u00a0\u00a0\u00a0\u00a0\u00a0\u00a0\u00a0\u00a0\u00a0\u00a0\u00a0\u00a0\u00a0\u00a0\u00a0\u00a0\u00a0\u00a0\u00a0\u00a0\u00a0\u00a0\u00a0\u00a0\u00a0\u00a0\u00a0\u00a0\u00a0\u00a0\u00a0\u00a0\u00a0\u00a0\u00a0\u00a0\u00a0\u00a0\u00a0\u00a0\u00a0\u00a0\u00a0\u00a0\u00a0\u00a0\u00a0\u00a0\u00a0\u00a0\u00a0\u00a0\u00a0\u00a0\u00a0\u00a0\u00a0\u00a0\u00a0\u00a0\u00a0\u00a0\u00a0\u00a0\u00a0\u00a0<\/strong><\/p>\n","protected":false},"excerpt":{"rendered":"<p>24 valand\u0173 veikimo kremas skirtas momentiniam odos atstatymui po chemini\u0173 piling\u0173, lazerini\u0173 \u0161veitim\u0173, dermobrazijos.<\/p>\n","protected":false},"featured_media":1054,"template":"","meta":[],"product_cat":[34,62,25],"product_tag":[],"_links":{"self":[{"href":"https:\/\/janssencosmetics.lt\/en\/wp-json\/wp\/v2\/product\/1045"}],"collection":[{"href":"https:\/\/janssencosmetics.lt\/en\/wp-json\/wp\/v2\/product"}],"about":[{"href":"https:\/\/janssencosmetics.lt\/en\/wp-json\/wp\/v2\/types\/product"}],"wp:featuredmedia":[{"embeddable":true,"href":"https:\/\/janssencosmetics.lt\/en\/wp-json\/wp\/v2\/media\/1054"}],"wp:attachment":[{"href":"https:\/\/janssencosmetics.lt\/en\/wp-json\/wp\/v2\/media?parent=1045"}],"wp:term":[{"taxonomy":"product_cat","embeddable":true,"href":"https:\/\/janssencosmetics.lt\/en\/wp-json\/wp\/v2\/product_cat?post=1045"},{"taxonomy":"product_tag","embeddable":true,"href":"https:\/\/janssencosmetics.lt\/en\/wp-json\/wp\/v2\/product_tag?post=1045"}],"curies":[{"name":"wp","href":"https:\/\/api.w.org\/{rel}","templated":true}]}}