{"id":497,"date":"2022-09-19T07:53:42","date_gmt":"2022-09-19T07:53:42","guid":{"rendered":"https:\/\/janssencosmetics.lt\/pagrindinis-en\/"},"modified":"2026-03-30T15:39:15","modified_gmt":"2026-03-30T15:39:15","slug":"pagrindinis-en","status":"publish","type":"page","link":"https:\/\/janssencosmetics.lt\/en\/","title":{"rendered":"Pagrindinis EN"},"content":{"rendered":"\t\t<div data-elementor-type=\"wp-page\" data-elementor-id=\"497\" class=\"elementor elementor-497\">\n\t\t\t\t\t\t\t\t\t<section class=\"elementor-section elementor-top-section elementor-element elementor-element-c8597a0 elementor-section-full_width elementor-section-height-default elementor-section-height-default\" data-id=\"c8597a0\" data-element_type=\"section\">\n\t\t\t\t\t\t<div class=\"elementor-container elementor-column-gap-no\">\n\t\t\t\t\t<div class=\"elementor-column elementor-col-100 elementor-top-column elementor-element elementor-element-94af42f\" data-id=\"94af42f\" data-element_type=\"column\">\n\t\t\t<div class=\"elementor-widget-wrap elementor-element-populated\">\n\t\t\t\t\t\t\t\t<div class=\"elementor-element elementor-element-4a03e5f elementor-widget elementor-widget-slider_revolution\" data-id=\"4a03e5f\" data-element_type=\"widget\" data-widget_type=\"slider_revolution.default\">\n\t\t\t\t<div class=\"elementor-widget-container\">\n\t\t\t\r\n\t\t<div class=\"wp-block-themepunch-revslider\">\n\t\t\t<!-- START Slider 1 ENGLISH 1 1 REVOLUTION SLIDER 6.5.31 --><p class=\"rs-p-wp-fix\"><\/p>\n\t\t\t<rs-module-wrap id=\"rev_slider_15_1_wrapper\" data-source=\"gallery\" style=\"visibility:hidden;background:transparent;padding:0;margin:0px auto;margin-top:0;margin-bottom:0;\">\n\t\t\t\t<rs-module id=\"rev_slider_15_1\" style=\"\" data-version=\"6.5.31\">\n\t\t\t\t\t<rs-slides>\n\t\t\t\t\t\t<rs-slide style=\"position: absolute;\" data-key=\"rs-24\" data-title=\"Slide\" data-in=\"o:0;\" data-out=\"a:false;\">\n\t\t\t\t\t\t\t<img decoding=\"async\" src=\"\/\/janssencosmetics.lt\/wp-content\/plugins\/revslider\/public\/assets\/assets\/dummy.png\" alt=\"Slide\" title=\"Pagrindinis EN\" class=\"rev-slidebg tp-rs-img rs-lazyload\" data-lazyload=\"\/\/janssencosmetics.lt\/wp-content\/plugins\/revslider\/public\/assets\/assets\/transparent.png\" data-no-retina>\n<!--\n\t\t\t\t\t\t\t--><rs-layer\n\t\t\t\t\t\t\t\tid=\"slider-15-slide-24-layer-1\" \n\t\t\t\t\t\t\t\tdata-type=\"image\"\n\t\t\t\t\t\t\t\tdata-rsp_ch=\"on\"\n\t\t\t\t\t\t\t\tdata-xy=\"x:c;y:m;\"\n\t\t\t\t\t\t\t\tdata-text=\"w:normal;s:20,14,13,14;l:0,17,16,17;\"\n\t\t\t\t\t\t\t\tdata-dim=\"w:['100%','100%','100%','100%'];h:['100%','100%','100%','100%'];\"\n\t\t\t\t\t\t\t\tdata-basealign=\"slide\"\n\t\t\t\t\t\t\t\tdata-frame_999=\"o:0;st:w;\"\n\t\t\t\t\t\t\t\tstyle=\"z-index:5;background-color:#000000;\"\n\t\t\t\t\t\t\t><img decoding=\"async\" src=\"\/\/janssencosmetics.lt\/wp-content\/plugins\/revslider\/public\/assets\/assets\/dummy.png\" alt=\"\" class=\"tp-rs-img rs-lazyload\" width=\"2400\" height=\"640\" data-lazyload=\"\/\/janssencosmetics.lt\/wp-content\/uploads\/2026\/03\/Longevity-Care-Retail-Product-Slider_Model-1.png\" data-c=\"cover-proportional\" data-no-retina> \n\t\t\t\t\t\t\t<\/rs-layer><!--\n-->\t\t\t\t\t\t<\/rs-slide>\n\t\t\t\t\t\t<rs-slide style=\"position: absolute;\" data-key=\"rs-25\" data-title=\"Slide\" data-in=\"o:0;\" data-out=\"a:false;\">\n\t\t\t\t\t\t\t<img decoding=\"async\" src=\"\/\/janssencosmetics.lt\/wp-content\/plugins\/revslider\/public\/assets\/assets\/dummy.png\" alt=\"Slide\" title=\"Pagrindinis EN\" class=\"rev-slidebg tp-rs-img rs-lazyload\" data-lazyload=\"\/\/janssencosmetics.lt\/wp-content\/plugins\/revslider\/public\/assets\/assets\/transparent.png\" data-no-retina>\n<!--\n\t\t\t\t\t\t\t--><rs-layer\n\t\t\t\t\t\t\t\tid=\"slider-15-slide-25-layer-2\" \n\t\t\t\t\t\t\t\tdata-type=\"image\"\n\t\t\t\t\t\t\t\tdata-rsp_ch=\"on\"\n\t\t\t\t\t\t\t\tdata-xy=\"x:c;y:m;\"\n\t\t\t\t\t\t\t\tdata-text=\"w:normal;s:20,14,13,14;l:0,17,16,17;\"\n\t\t\t\t\t\t\t\tdata-dim=\"w:['100%','100%','100%','100%'];h:['100%','100%','100%','100%'];\"\n\t\t\t\t\t\t\t\tdata-basealign=\"slide\"\n\t\t\t\t\t\t\t\tdata-frame_999=\"o:0;st:w;\"\n\t\t\t\t\t\t\t\tstyle=\"z-index:5;\"\n\t\t\t\t\t\t\t><img decoding=\"async\" src=\"\/\/janssencosmetics.lt\/wp-content\/plugins\/revslider\/public\/assets\/assets\/dummy.png\" alt=\"\" class=\"tp-rs-img rs-lazyload\" width=\"2400\" height=\"640\" data-lazyload=\"\/\/janssencosmetics.lt\/wp-content\/uploads\/2026\/03\/Longevity-Care-Treatment-Slider_Model.png\" data-c=\"cover-proportional\" data-no-retina> \n\t\t\t\t\t\t\t<\/rs-layer><!--\n-->\t\t\t\t\t\t<\/rs-slide>\n\t\t\t\t\t\t<rs-slide style=\"position: absolute;\" data-key=\"rs-26\" data-title=\"Slide\" data-in=\"o:0;\" data-out=\"a:false;\">\n\t\t\t\t\t\t\t<img decoding=\"async\" src=\"\/\/janssencosmetics.lt\/wp-content\/plugins\/revslider\/public\/assets\/assets\/dummy.png\" alt=\"Slide\" title=\"Pagrindinis EN\" class=\"rev-slidebg tp-rs-img rs-lazyload\" data-lazyload=\"\/\/janssencosmetics.lt\/wp-content\/plugins\/revslider\/public\/assets\/assets\/transparent.png\" data-no-retina>\n<!--\n\t\t\t\t\t\t\t--><rs-layer\n\t\t\t\t\t\t\t\tid=\"slider-15-slide-26-layer-2\" \n\t\t\t\t\t\t\t\tdata-type=\"image\"\n\t\t\t\t\t\t\t\tdata-rsp_ch=\"on\"\n\t\t\t\t\t\t\t\tdata-xy=\"x:c;xo:5px,3px,2px,2px;y:m;yo:38px,27px,26px,28px;\"\n\t\t\t\t\t\t\t\tdata-text=\"w:normal;s:20,14,13,14;l:0,17,16,17;\"\n\t\t\t\t\t\t\t\tdata-dim=\"w:1583px,1125px,1098px,1207px;h:586px,416px,406px,446px;\"\n\t\t\t\t\t\t\t\tdata-basealign=\"slide\"\n\t\t\t\t\t\t\t\tdata-frame_999=\"o:0;st:w;\"\n\t\t\t\t\t\t\t\tstyle=\"z-index:5;\"\n\t\t\t\t\t\t\t><img decoding=\"async\" src=\"\/\/janssencosmetics.lt\/wp-content\/plugins\/revslider\/public\/assets\/assets\/dummy.png\" alt=\"\" class=\"tp-rs-img rs-lazyload\" width=\"851\" height=\"315\" data-lazyload=\"\/\/janssencosmetics.lt\/wp-content\/uploads\/2026\/03\/ANTI-OX-POWER.png\" data-no-retina> \n\t\t\t\t\t\t\t<\/rs-layer><!--\n-->\t\t\t\t\t\t<\/rs-slide>\n\t\t\t\t\t<\/rs-slides>\n\t\t\t\t<\/rs-module>\n\t\t\t\t<script>\n\t\t\t\t\tsetREVStartSize({c: 'rev_slider_15_1',rl:[1240,1024,778,480],el:[500,400,360,420],gw:[1440,1024,1000,1100],gh:[500,400,360,420],type:'standard',justify:'',layout:'fullwidth',mh:\"0\"});if (window.RS_MODULES!==undefined && window.RS_MODULES.modules!==undefined && window.RS_MODULES.modules[\"revslider151\"]!==undefined) {window.RS_MODULES.modules[\"revslider151\"].once = false;window.revapi15 = undefined;if (window.RS_MODULES.checkMinimal!==undefined) window.RS_MODULES.checkMinimal()}\n\t\t\t\t<\/script>\n\t\t\t<\/rs-module-wrap>\n\t\t\t<!-- END REVOLUTION SLIDER -->\n<\/div>\r\n\r\n\t\t\t\t<\/div>\n\t\t\t\t<\/div>\n\t\t\t\t\t<\/div>\n\t\t<\/div>\n\t\t\t\t\t\t\t<\/div>\n\t\t<\/section>\n\t\t\t\t<section class=\"elementor-section elementor-top-section elementor-element elementor-element-a24c8d1 elementor-section-full_width elementor-section-stretched elementor-section-height-default elementor-section-height-default\" data-id=\"a24c8d1\" data-element_type=\"section\" data-settings=\"{&quot;stretch_section&quot;:&quot;section-stretched&quot;}\">\n\t\t\t\t\t\t\t<div class=\"elementor-background-overlay\"><\/div>\n\t\t\t\t\t\t\t<div class=\"elementor-container elementor-column-gap-extended\">\n\t\t\t\t\t<div class=\"elementor-column elementor-col-100 elementor-top-column elementor-element elementor-element-6b256a2\" data-id=\"6b256a2\" data-element_type=\"column\">\n\t\t\t<div class=\"elementor-widget-wrap elementor-element-populated\">\n\t\t\t\t\t\t\t\t<div class=\"elementor-element elementor-element-c93cd1f elementor-widget elementor-widget-heading\" data-id=\"c93cd1f\" data-element_type=\"widget\" data-widget_type=\"heading.default\">\n\t\t\t\t<div class=\"elementor-widget-container\">\n\t\t\t<style>\/*! elementor - v3.8.1 - 13-11-2022 *\/\n.elementor-heading-title{padding:0;margin:0;line-height:1}.elementor-widget-heading .elementor-heading-title[class*=elementor-size-]>a{color:inherit;font-size:inherit;line-height:inherit}.elementor-widget-heading .elementor-heading-title.elementor-size-small{font-size:15px}.elementor-widget-heading .elementor-heading-title.elementor-size-medium{font-size:19px}.elementor-widget-heading .elementor-heading-title.elementor-size-large{font-size:29px}.elementor-widget-heading .elementor-heading-title.elementor-size-xl{font-size:39px}.elementor-widget-heading .elementor-heading-title.elementor-size-xxl{font-size:59px}<\/style><h2 class=\"elementor-heading-title elementor-size-default\">Product lines<\/h2>\t\t<\/div>\n\t\t\t\t<\/div>\n\t\t\t\t<div class=\"elementor-element elementor-element-9e8a38c elementor-widget-divider--view-line_icon elementor-view-default elementor-widget-divider--element-align-center elementor-widget elementor-widget-divider\" data-id=\"9e8a38c\" data-element_type=\"widget\" data-widget_type=\"divider.default\">\n\t\t\t\t<div class=\"elementor-widget-container\">\n\t\t\t<style>\/*! elementor - v3.8.1 - 13-11-2022 *\/\n.elementor-widget-divider{--divider-border-style:none;--divider-border-width:1px;--divider-color:#2c2c2c;--divider-icon-size:20px;--divider-element-spacing:10px;--divider-pattern-height:24px;--divider-pattern-size:20px;--divider-pattern-url:none;--divider-pattern-repeat:repeat-x}.elementor-widget-divider .elementor-divider{display:-webkit-box;display:-ms-flexbox;display:flex}.elementor-widget-divider .elementor-divider__text{font-size:15px;line-height:1;max-width:95%}.elementor-widget-divider .elementor-divider__element{margin:0 var(--divider-element-spacing);-ms-flex-negative:0;flex-shrink:0}.elementor-widget-divider .elementor-icon{font-size:var(--divider-icon-size)}.elementor-widget-divider .elementor-divider-separator{display:-webkit-box;display:-ms-flexbox;display:flex;margin:0;direction:ltr}.elementor-widget-divider--view-line_icon .elementor-divider-separator,.elementor-widget-divider--view-line_text .elementor-divider-separator{-webkit-box-align:center;-ms-flex-align:center;align-items:center}.elementor-widget-divider--view-line_icon .elementor-divider-separator:after,.elementor-widget-divider--view-line_icon .elementor-divider-separator:before,.elementor-widget-divider--view-line_text .elementor-divider-separator:after,.elementor-widget-divider--view-line_text .elementor-divider-separator:before{display:block;content:\"\";border-bottom:0;-webkit-box-flex:1;-ms-flex-positive:1;flex-grow:1;border-top:var(--divider-border-width) var(--divider-border-style) var(--divider-color)}.elementor-widget-divider--element-align-left .elementor-divider .elementor-divider-separator>.elementor-divider__svg:first-of-type{-webkit-box-flex:0;-ms-flex-positive:0;flex-grow:0;-ms-flex-negative:100;flex-shrink:100}.elementor-widget-divider--element-align-left .elementor-divider-separator:before{content:none}.elementor-widget-divider--element-align-left .elementor-divider__element{margin-left:0}.elementor-widget-divider--element-align-right .elementor-divider .elementor-divider-separator>.elementor-divider__svg:last-of-type{-webkit-box-flex:0;-ms-flex-positive:0;flex-grow:0;-ms-flex-negative:100;flex-shrink:100}.elementor-widget-divider--element-align-right .elementor-divider-separator:after{content:none}.elementor-widget-divider--element-align-right .elementor-divider__element{margin-right:0}.elementor-widget-divider:not(.elementor-widget-divider--view-line_text):not(.elementor-widget-divider--view-line_icon) .elementor-divider-separator{border-top:var(--divider-border-width) var(--divider-border-style) var(--divider-color)}.elementor-widget-divider--separator-type-pattern{--divider-border-style:none}.elementor-widget-divider--separator-type-pattern.elementor-widget-divider--view-line .elementor-divider-separator,.elementor-widget-divider--separator-type-pattern:not(.elementor-widget-divider--view-line) .elementor-divider-separator:after,.elementor-widget-divider--separator-type-pattern:not(.elementor-widget-divider--view-line) .elementor-divider-separator:before,.elementor-widget-divider--separator-type-pattern:not([class*=elementor-widget-divider--view]) .elementor-divider-separator{width:100%;min-height:var(--divider-pattern-height);-webkit-mask-size:var(--divider-pattern-size) 100%;mask-size:var(--divider-pattern-size) 100%;-webkit-mask-repeat:var(--divider-pattern-repeat);mask-repeat:var(--divider-pattern-repeat);background-color:var(--divider-color);-webkit-mask-image:var(--divider-pattern-url);mask-image:var(--divider-pattern-url)}.elementor-widget-divider--no-spacing{--divider-pattern-size:auto}.elementor-widget-divider--bg-round{--divider-pattern-repeat:round}.rtl .elementor-widget-divider .elementor-divider__text{direction:rtl}.e-con-inner>.elementor-widget-divider,.e-con>.elementor-widget-divider{width:var(--container-widget-width,100%)}<\/style>\t\t<div class=\"elementor-divider\">\n\t\t\t<span class=\"elementor-divider-separator\">\n\t\t\t\t\t\t\t<div class=\"elementor-icon elementor-divider__element\">\n\t\t\t\t\t<i aria-hidden=\"true\" class=\"fas fa-grip-lines-vertical\"><\/i><\/div>\n\t\t\t\t\t\t<\/span>\n\t\t<\/div>\n\t\t\t\t<\/div>\n\t\t\t\t<\/div>\n\t\t\t\t<div class=\"elementor-element elementor-element-e34a683 elementor-grid-4 elementor-grid-tablet-3 elementor-grid-mobile-2 elementor-products-grid elementor-wc-products elementor-widget elementor-widget-wc-categories\" data-id=\"e34a683\" data-element_type=\"widget\" data-widget_type=\"wc-categories.default\">\n\t\t\t\t<div class=\"elementor-widget-container\">\n\t\t\t<link rel=\"stylesheet\" href=\"https:\/\/janssencosmetics.lt\/wp-content\/plugins\/elementor-pro\/assets\/css\/widget-woocommerce.min.css\"><div class=\"woocommerce columns-4\">\r\n<ul class=\"products elementor-grid oceanwp-row clr grid\">\r\n<li class=\"product-category product first col span_1_of_4\">\n\t<div class=\"product-inner clr\"><div class=\"woo-entry-image clr\"><a href=\"https:\/\/janssencosmetics.lt\/produkto-kategorija\/produktu-linijos\/sensitive-skin-jautriai-odai\/\"><\/a><\/div><div class=\"woo-entry-inner clr\"><a href=\"https:\/\/janssencosmetics.lt\/produkto-kategorija\/produktu-linijos\/sensitive-skin-jautriai-odai\/\"><\/a><div class=\"woo-desc\"><div class=\"description\">SENSITIVE SKIN - JAUTRIAI ODAI Tai visavert\u0117 jautrios pa\u017eeid\u017eiamos, linkusios \u012f dirglumus odos, o taip pat linkusios \u012f kuperoz\u0119 ir neurodermit\u0105 odos prie\u017ei\u016bra. Produktuose n\u0117ra joki\u0173 galim\u0173 dirgikli\u0173, toki\u0173 kaip kvapieji alergenai ir da\u017eikliai. Tod\u0117l asortimentas&hellip;<\/div><\/div><\/div><\/div><\/li>\n<li class=\"product-category product col span_1_of_4\">\n\t<div class=\"product-inner clr\"><div class=\"woo-entry-image clr\"><a href=\"https:\/\/janssencosmetics.lt\/produkto-kategorija\/produktu-linijos\/oily-skin-riebiai-problematiskai-odai\/\"><\/a><\/div><div class=\"woo-entry-inner clr\"><a href=\"https:\/\/janssencosmetics.lt\/produkto-kategorija\/produktu-linijos\/oily-skin-riebiai-problematiskai-odai\/\"><\/a><div class=\"woo-desc\"><div class=\"description\">OILY SKIN - RIEBIAI PROBLEMATI\u0160KAI ODAI \u0160ios odos prie\u017ei\u016bros serijos, skirtos riebiai, problemati\u0161kai \u012f akn\u0119 linkusiai odai. Tai naujos kartos ingredient\u0173 sistema, kuri padeda greitai pasiekti matom\u0173 ir ilgalaiki\u0173 rezultat\u0173 kovojant su komedonais. Ma\u017eina riebalini\u0173 liauk\u0173&hellip;<\/div><\/div><\/div><\/div><\/li>\n<li class=\"product-category product col span_1_of_4\">\n\t<div class=\"product-inner clr\"><div class=\"woo-entry-image clr\"><a href=\"https:\/\/janssencosmetics.lt\/produkto-kategorija\/produktu-linijos\/dry-skin-sausai-dregme-praradusiai-odai\/\"><\/a><\/div><div class=\"woo-entry-inner clr\"><a href=\"https:\/\/janssencosmetics.lt\/produkto-kategorija\/produktu-linijos\/dry-skin-sausai-dregme-praradusiai-odai\/\"><\/a><div class=\"woo-desc\"><div class=\"description\">DRY SKIN - LINIJA SAUSAI ODAI Universali linija sausai, dr\u0117gm\u0117s stokojan\u010diai odai. \u0160\u012f kosmetikos linija apjungia klasikines valymo, kasdien\u0117s prie\u017ei\u016bros ir veiksmingas papildomas priemones. \u0160ios serijos produkt\u0173 linija,u\u017etikrina optimal\u0173 odos balans\u0105, dr\u0117kinim\u0105 regeneracij\u0105 ir apsaug\u0105, sustiprina&hellip;<\/div><\/div><\/div><\/div><\/li>\n<li class=\"product-category product last col span_1_of_4\">\n\t<div class=\"product-inner clr\"><div class=\"woo-entry-image clr\"><a href=\"https:\/\/janssencosmetics.lt\/produkto-kategorija\/produktu-linijos\/combination-skin-misriai-odai\/\"><\/a><\/div><div class=\"woo-entry-inner clr\"><a href=\"https:\/\/janssencosmetics.lt\/produkto-kategorija\/produktu-linijos\/combination-skin-misriai-odai\/\"><\/a><div class=\"woo-desc\"><div class=\"description\">COMBINATION SKIN - MI\u0160RIOS ODOS LINIJA Aktyv\u0173j\u0173 med\u017eiag\u0173 preparatai subalansuojantys nat\u016bralias odos funkcijas ir atstatantys odos b\u016bkl\u0117s balans\u0105 pad\u0117s jums pasir\u016bpinti mi\u0161ria oda. Pagrindin\u0117 \u0161ios linijos u\u017eduotis- subalansuoti riebalini\u0173 liauk\u0173 veikl\u0105, dr\u0117kinti saus\u0105 od\u0105. Teikia greit\u0105&hellip;<\/div><\/div><\/div><\/div><\/li>\n<\/ul>\n<\/div>\t\t<\/div>\n\t\t\t\t<\/div>\n\t\t\t\t\t<\/div>\n\t\t<\/div>\n\t\t\t\t\t\t\t<\/div>\n\t\t<\/section>\n\t\t\t\t<section class=\"elementor-section elementor-top-section elementor-element elementor-element-72f026c elementor-section-full_width elementor-section-height-default elementor-section-height-default\" data-id=\"72f026c\" data-element_type=\"section\">\n\t\t\t\t\t\t<div class=\"elementor-container elementor-column-gap-no\">\n\t\t\t\t\t<div class=\"elementor-column elementor-col-50 elementor-top-column elementor-element elementor-element-acc284b\" data-id=\"acc284b\" data-element_type=\"column\">\n\t\t\t<div class=\"elementor-widget-wrap elementor-element-populated\">\n\t\t\t\t\t\t\t\t<div class=\"elementor-element elementor-element-c98294f elementor-widget elementor-widget-image\" data-id=\"c98294f\" data-element_type=\"widget\" data-widget_type=\"image.default\">\n\t\t\t\t<div class=\"elementor-widget-container\">\n\t\t\t<style>\/*! elementor - v3.8.1 - 13-11-2022 *\/\n.elementor-widget-image{text-align:center}.elementor-widget-image a{display:inline-block}.elementor-widget-image a img[src$=\".svg\"]{width:48px}.elementor-widget-image img{vertical-align:middle;display:inline-block}<\/style>\t\t\t\t\t\t\t\t\t\t\t\t\t<a href=\"\/produkto-kategorija\/produktu-linijos\/man-vyrams\/\">\n\t\t\t\t\t\t\t<img decoding=\"async\" width=\"1024\" height=\"320\" src=\"https:\/\/janssencosmetics.lt\/wp-content\/uploads\/2022\/10\/2021-04-men_EN-slider-1024x320.jpg\" class=\"attachment-large size-large\" alt=\"\" loading=\"lazy\" srcset=\"https:\/\/janssencosmetics.lt\/wp-content\/uploads\/2022\/10\/2021-04-men_EN-slider-1024x320.jpg 1024w, https:\/\/janssencosmetics.lt\/wp-content\/uploads\/2022\/10\/2021-04-men_EN-slider-300x94.jpg 300w, https:\/\/janssencosmetics.lt\/wp-content\/uploads\/2022\/10\/2021-04-men_EN-slider-768x240.jpg 768w, https:\/\/janssencosmetics.lt\/wp-content\/uploads\/2022\/10\/2021-04-men_EN-slider-1536x480.jpg 1536w, https:\/\/janssencosmetics.lt\/wp-content\/uploads\/2022\/10\/2021-04-men_EN-slider-600x188.jpg 600w, https:\/\/janssencosmetics.lt\/wp-content\/uploads\/2022\/10\/2021-04-men_EN-slider.jpg 1920w\" sizes=\"(max-width: 1024px) 100vw, 1024px\" \/>\t\t\t\t\t\t\t\t<\/a>\n\t\t\t\t\t\t\t\t\t\t\t\t\t\t\t<\/div>\n\t\t\t\t<\/div>\n\t\t\t\t\t<\/div>\n\t\t<\/div>\n\t\t\t\t<div class=\"elementor-column elementor-col-50 elementor-top-column elementor-element elementor-element-bab14ce\" data-id=\"bab14ce\" data-element_type=\"column\">\n\t\t\t<div class=\"elementor-widget-wrap elementor-element-populated\">\n\t\t\t\t\t\t\t\t<div class=\"elementor-element elementor-element-7979133 elementor-widget elementor-widget-image\" data-id=\"7979133\" data-element_type=\"widget\" data-widget_type=\"image.default\">\n\t\t\t\t<div class=\"elementor-widget-container\">\n\t\t\t\t\t\t\t\t\t\t\t\t\t\t\t\t<a href=\"\/produkto-kategorija\/kunas\/\">\n\t\t\t\t\t\t\t<img decoding=\"async\" width=\"1024\" height=\"320\" src=\"https:\/\/janssencosmetics.lt\/wp-content\/uploads\/2022\/10\/janssen-2021-09-probiotics-EN-FR-1024x320.jpg\" class=\"attachment-large size-large\" alt=\"\" loading=\"lazy\" srcset=\"https:\/\/janssencosmetics.lt\/wp-content\/uploads\/2022\/10\/janssen-2021-09-probiotics-EN-FR-1024x320.jpg 1024w, https:\/\/janssencosmetics.lt\/wp-content\/uploads\/2022\/10\/janssen-2021-09-probiotics-EN-FR-300x94.jpg 300w, https:\/\/janssencosmetics.lt\/wp-content\/uploads\/2022\/10\/janssen-2021-09-probiotics-EN-FR-768x240.jpg 768w, https:\/\/janssencosmetics.lt\/wp-content\/uploads\/2022\/10\/janssen-2021-09-probiotics-EN-FR-1536x480.jpg 1536w, https:\/\/janssencosmetics.lt\/wp-content\/uploads\/2022\/10\/janssen-2021-09-probiotics-EN-FR-600x188.jpg 600w, https:\/\/janssencosmetics.lt\/wp-content\/uploads\/2022\/10\/janssen-2021-09-probiotics-EN-FR.jpg 1920w\" sizes=\"(max-width: 1024px) 100vw, 1024px\" \/>\t\t\t\t\t\t\t\t<\/a>\n\t\t\t\t\t\t\t\t\t\t\t\t\t\t\t<\/div>\n\t\t\t\t<\/div>\n\t\t\t\t\t<\/div>\n\t\t<\/div>\n\t\t\t\t\t\t\t<\/div>\n\t\t<\/section>\n\t\t\t\t\t\t\t<\/div>\n\t\t","protected":false},"excerpt":{"rendered":"<p>Produkt\u0173 linijos<\/p>\n","protected":false},"author":1,"featured_media":0,"parent":0,"menu_order":0,"comment_status":"closed","ping_status":"closed","template":"elementor_header_footer","meta":[],"_links":{"self":[{"href":"https:\/\/janssencosmetics.lt\/en\/wp-json\/wp\/v2\/pages\/497"}],"collection":[{"href":"https:\/\/janssencosmetics.lt\/en\/wp-json\/wp\/v2\/pages"}],"about":[{"href":"https:\/\/janssencosmetics.lt\/en\/wp-json\/wp\/v2\/types\/page"}],"author":[{"embeddable":true,"href":"https:\/\/janssencosmetics.lt\/en\/wp-json\/wp\/v2\/users\/1"}],"replies":[{"embeddable":true,"href":"https:\/\/janssencosmetics.lt\/en\/wp-json\/wp\/v2\/comments?post=497"}],"version-history":[{"count":10,"href":"https:\/\/janssencosmetics.lt\/en\/wp-json\/wp\/v2\/pages\/497\/revisions"}],"predecessor-version":[{"id":3898,"href":"https:\/\/janssencosmetics.lt\/en\/wp-json\/wp\/v2\/pages\/497\/revisions\/3898"}],"wp:attachment":[{"href":"https:\/\/janssencosmetics.lt\/en\/wp-json\/wp\/v2\/media?parent=497"}],"curies":[{"name":"wp","href":"https:\/\/api.w.org\/{rel}","templated":true}]}}